{"id":2812,"date":"2024-12-26T16:47:24","date_gmt":"2024-12-26T09:47:24","guid":{"rendered":"https:\/\/nemtangthangphu.123websitedev.com\/?page_id=2812"},"modified":"2024-12-26T16:47:24","modified_gmt":"2024-12-26T09:47:24","slug":"chinh-sach-bao-mat","status":"publish","type":"page","link":"https:\/\/nemtanthangphu.com\/en\/chinh-sach-bao-mat\/","title":{"rendered":"Privacy Policy"},"content":{"rendered":"<div data-elementor-type=\"wp-page\" data-elementor-id=\"2812\" class=\"elementor elementor-2812\" data-elementor-post-type=\"page\">\n\t\t\t\t\t\t\t<div class=\"elementor-element elementor-element-1548502 e-con-full e-flex e-con\" data-id=\"1548502\" data-element_type=\"container\" data-settings=\"{&quot;content_width&quot;:&quot;full&quot;,&quot;background_background&quot;:&quot;classic&quot;}\">\n\t\t<div class=\"elementor-element elementor-element-c5326d8 e-flex e-con-boxed e-con\" data-id=\"c5326d8\" data-element_type=\"container\" data-settings=\"{&quot;content_width&quot;:&quot;boxed&quot;}\">\n\t\t\t\t\t<div class=\"e-con-inner\">\n\t\t\t\t<div class=\"elementor-element elementor-element-dff997a elementor-widget elementor-widget-woocommerce-breadcrumb\" data-id=\"dff997a\" data-element_type=\"widget\" data-widget_type=\"woocommerce-breadcrumb.default\">\n\t\t\t\t<div class=\"elementor-widget-container\">\n\t\t\t<link rel=\"stylesheet\" href=\"https:\/\/nemtanthangphu.com\/wp-content\/plugins\/elementor-pro\/assets\/css\/widget-woocommerce.min.css\"><nav class=\"woocommerce-breadcrumb\" aria-label=\"Breadcrumb\" data-no-translation=\"\" data-trp-gettext=\"\">Home<\/nav>\t\t<\/div>\n\t\t\t\t<\/div>\n\t\t\t\t\t<\/div>\n\t\t\t\t<\/div>\n\t\t\t\t<\/div>\n\t\t<div class=\"elementor-element elementor-element-0929a9c e-flex e-con-boxed e-con\" data-id=\"0929a9c\" data-element_type=\"container\" data-settings=\"{&quot;content_width&quot;:&quot;boxed&quot;}\">\n\t\t\t\t\t<div class=\"e-con-inner\">\n\t\t\t\t<div class=\"elementor-element elementor-element-439db19 elementor-widget elementor-widget-text-editor\" data-id=\"439db19\" data-element_type=\"widget\" data-widget_type=\"text-editor.default\">\n\t\t\t\t<div class=\"elementor-widget-container\">\n\t\t\t<style>\/*! elementor - v3.15.0 - 02-08-2023 *\/\n.elementor-widget-text-editor.elementor-drop-cap-view-stacked .elementor-drop-cap{background-color:#69727d;color:#fff}.elementor-widget-text-editor.elementor-drop-cap-view-framed .elementor-drop-cap{color:#69727d;border:3px solid;background-color:transparent}.elementor-widget-text-editor:not(.elementor-drop-cap-view-default) .elementor-drop-cap{margin-top:8px}.elementor-widget-text-editor:not(.elementor-drop-cap-view-default) .elementor-drop-cap-letter{width:1em;height:1em}.elementor-widget-text-editor .elementor-drop-cap{float:left;text-align:center;line-height:1;font-size:50px}.elementor-widget-text-editor .elementor-drop-cap-letter{display:inline-block}<\/style>\t\t\t\t<p>\u0110ang c\u1eadp nh\u1eadt n\u1ed9i dung&#8230;.<\/p>\t\t\t\t\t\t<\/div>\n\t\t\t\t<\/div>\n\t\t\t\t\t<\/div>\n\t\t\t\t<\/div>\n\t\t\t\t\t\t\t<\/div>","protected":false},"excerpt":{"rendered":"<p>\u0110ang c\u1eadp nh\u1eadt n\u1ed9i dung&#8230;.<\/p>","protected":false},"author":1,"featured_media":0,"parent":0,"menu_order":0,"comment_status":"closed","ping_status":"closed","template":"elementor_header_footer","meta":{"footnotes":""},"class_list":["post-2812","page","type-page","status-publish","hentry"],"blocksy_meta":[],"yoast_head":"<!-- This site is optimized with the Yoast SEO Premium plugin v24.8 (Yoast SEO v24.8) - https:\/\/yoast.com\/wordpress\/plugins\/seo\/ -->\n<title>Ch\u00ednh s\u00e1ch b\u1ea3o m\u1eadt - N\u1ec7m T\u00e2n Th\u0103ng Ph\u00fa<\/title>\n<meta name=\"robots\" content=\"index, follow, max-snippet:-1, max-image-preview:large, max-video-preview:-1\" \/>\n<link rel=\"canonical\" href=\"https:\/\/nemtanthangphu.com\/en\/chinh-sach-bao-mat\/\" \/>\n<meta property=\"og:locale\" content=\"en_US\" \/>\n<meta property=\"og:type\" content=\"article\" \/>\n<meta property=\"og:title\" content=\"Ch\u00ednh s\u00e1ch b\u1ea3o m\u1eadt\" \/>\n<meta property=\"og:description\" content=\"\u0110ang c\u1eadp nh\u1eadt n\u1ed9i dung&#8230;.\" \/>\n<meta property=\"og:url\" content=\"https:\/\/nemtanthangphu.com\/en\/chinh-sach-bao-mat\/\" \/>\n<meta property=\"og:site_name\" content=\"N\u1ec7m T\u00e2n Th\u0103ng Ph\u00fa\" \/>\n<meta property=\"article:publisher\" content=\"https:\/\/www.facebook.com\/nemtanthanngphu.tapus\" \/>\n<meta name=\"twitter:card\" content=\"summary_large_image\" \/>\n<script type=\"application\/ld+json\" class=\"yoast-schema-graph\">{\"@context\":\"https:\/\/schema.org\",\"@graph\":[{\"@type\":\"WebPage\",\"@id\":\"https:\/\/nemtanthangphu.com\/chinh-sach-bao-mat\/\",\"url\":\"https:\/\/nemtanthangphu.com\/chinh-sach-bao-mat\/\",\"name\":\"Ch\u00ednh s\u00e1ch b\u1ea3o m\u1eadt - N\u1ec7m T\u00e2n Th\u0103ng Ph\u00fa\",\"isPartOf\":{\"@id\":\"https:\/\/nemtanthangphu.com\/#website\"},\"datePublished\":\"2024-12-26T09:47:24+00:00\",\"breadcrumb\":{\"@id\":\"https:\/\/nemtanthangphu.com\/chinh-sach-bao-mat\/#breadcrumb\"},\"inLanguage\":\"en-US\",\"potentialAction\":[{\"@type\":\"ReadAction\",\"target\":[\"https:\/\/nemtanthangphu.com\/chinh-sach-bao-mat\/\"]}]},{\"@type\":\"BreadcrumbList\",\"@id\":\"https:\/\/nemtanthangphu.com\/chinh-sach-bao-mat\/#breadcrumb\",\"itemListElement\":[{\"@type\":\"ListItem\",\"position\":1,\"name\":\"Home\",\"item\":\"https:\/\/nemtanthangphu.com\/\"},{\"@type\":\"ListItem\",\"position\":2,\"name\":\"Ch\u00ednh s\u00e1ch b\u1ea3o m\u1eadt\"}]},{\"@type\":\"WebSite\",\"@id\":\"https:\/\/nemtanthangphu.com\/#website\",\"url\":\"https:\/\/nemtanthangphu.com\/\",\"name\":\"N\u1ec7m T\u00e2n Th\u0103ng Ph\u00fa\",\"description\":\"All the best for your life\",\"publisher\":{\"@id\":\"https:\/\/nemtanthangphu.com\/#organization\"},\"potentialAction\":[{\"@type\":\"SearchAction\",\"target\":{\"@type\":\"EntryPoint\",\"urlTemplate\":\"https:\/\/nemtanthangphu.com\/?s={search_term_string}\"},\"query-input\":{\"@type\":\"PropertyValueSpecification\",\"valueRequired\":true,\"valueName\":\"search_term_string\"}}],\"inLanguage\":\"en-US\"},{\"@type\":\"Organization\",\"@id\":\"https:\/\/nemtanthangphu.com\/#organization\",\"name\":\"N\u1ec7m T\u00e2n Th\u0103ng Ph\u00fa\",\"url\":\"https:\/\/nemtanthangphu.com\/\",\"logo\":{\"@type\":\"ImageObject\",\"inLanguage\":\"en-US\",\"@id\":\"https:\/\/nemtanthangphu.com\/#\/schema\/logo\/image\/\",\"url\":\"https:\/\/nemtanthangphu.com\/wp-content\/uploads\/2024\/12\/logo_02_nem_tang_phu.png\",\"contentUrl\":\"https:\/\/nemtanthangphu.com\/wp-content\/uploads\/2024\/12\/logo_02_nem_tang_phu.png\",\"width\":500,\"height\":500,\"caption\":\"N\u1ec7m T\u00e2n Th\u0103ng Ph\u00fa\"},\"image\":{\"@id\":\"https:\/\/nemtanthangphu.com\/#\/schema\/logo\/image\/\"},\"sameAs\":[\"https:\/\/www.facebook.com\/nemtanthanngphu.tapus\"]}]}<\/script>\n<!-- \/ Yoast SEO Premium plugin. -->","yoast_head_json":{"title":"Ch\u00ednh s\u00e1ch b\u1ea3o m\u1eadt - N\u1ec7m T\u00e2n Th\u0103ng Ph\u00fa","robots":{"index":"index","follow":"follow","max-snippet":"max-snippet:-1","max-image-preview":"max-image-preview:large","max-video-preview":"max-video-preview:-1"},"canonical":"https:\/\/nemtanthangphu.com\/en\/chinh-sach-bao-mat\/","og_locale":"en_US","og_type":"article","og_title":"Ch\u00ednh s\u00e1ch b\u1ea3o m\u1eadt","og_description":"\u0110ang c\u1eadp nh\u1eadt n\u1ed9i dung&#8230;.","og_url":"https:\/\/nemtanthangphu.com\/en\/chinh-sach-bao-mat\/","og_site_name":"N\u1ec7m T\u00e2n Th\u0103ng Ph\u00fa","article_publisher":"https:\/\/www.facebook.com\/nemtanthanngphu.tapus","twitter_card":"summary_large_image","schema":{"@context":"https:\/\/schema.org","@graph":[{"@type":"WebPage","@id":"https:\/\/nemtanthangphu.com\/chinh-sach-bao-mat\/","url":"https:\/\/nemtanthangphu.com\/chinh-sach-bao-mat\/","name":"Ch\u00ednh s\u00e1ch b\u1ea3o m\u1eadt - N\u1ec7m T\u00e2n Th\u0103ng Ph\u00fa","isPartOf":{"@id":"https:\/\/nemtanthangphu.com\/#website"},"datePublished":"2024-12-26T09:47:24+00:00","breadcrumb":{"@id":"https:\/\/nemtanthangphu.com\/chinh-sach-bao-mat\/#breadcrumb"},"inLanguage":"en-US","potentialAction":[{"@type":"ReadAction","target":["https:\/\/nemtanthangphu.com\/chinh-sach-bao-mat\/"]}]},{"@type":"BreadcrumbList","@id":"https:\/\/nemtanthangphu.com\/chinh-sach-bao-mat\/#breadcrumb","itemListElement":[{"@type":"ListItem","position":1,"name":"Home","item":"https:\/\/nemtanthangphu.com\/"},{"@type":"ListItem","position":2,"name":"Ch\u00ednh s\u00e1ch b\u1ea3o m\u1eadt"}]},{"@type":"WebSite","@id":"https:\/\/nemtanthangphu.com\/#website","url":"https:\/\/nemtanthangphu.com\/","name":"N\u1ec7m T\u00e2n Th\u0103ng Ph\u00fa","description":"All the best for your life","publisher":{"@id":"https:\/\/nemtanthangphu.com\/#organization"},"potentialAction":[{"@type":"SearchAction","target":{"@type":"EntryPoint","urlTemplate":"https:\/\/nemtanthangphu.com\/?s={search_term_string}"},"query-input":{"@type":"PropertyValueSpecification","valueRequired":true,"valueName":"search_term_string"}}],"inLanguage":"en-US"},{"@type":"Organization","@id":"https:\/\/nemtanthangphu.com\/#organization","name":"N\u1ec7m T\u00e2n Th\u0103ng Ph\u00fa","url":"https:\/\/nemtanthangphu.com\/","logo":{"@type":"ImageObject","inLanguage":"en-US","@id":"https:\/\/nemtanthangphu.com\/#\/schema\/logo\/image\/","url":"https:\/\/nemtanthangphu.com\/wp-content\/uploads\/2024\/12\/logo_02_nem_tang_phu.png","contentUrl":"https:\/\/nemtanthangphu.com\/wp-content\/uploads\/2024\/12\/logo_02_nem_tang_phu.png","width":500,"height":500,"caption":"N\u1ec7m T\u00e2n Th\u0103ng Ph\u00fa"},"image":{"@id":"https:\/\/nemtanthangphu.com\/#\/schema\/logo\/image\/"},"sameAs":["https:\/\/www.facebook.com\/nemtanthanngphu.tapus"]}]}},"acf":[],"_links":{"self":[{"href":"https:\/\/nemtanthangphu.com\/en\/wp-json\/wp\/v2\/pages\/2812","targetHints":{"allow":["GET"]}}],"collection":[{"href":"https:\/\/nemtanthangphu.com\/en\/wp-json\/wp\/v2\/pages"}],"about":[{"href":"https:\/\/nemtanthangphu.com\/en\/wp-json\/wp\/v2\/types\/page"}],"author":[{"embeddable":true,"href":"https:\/\/nemtanthangphu.com\/en\/wp-json\/wp\/v2\/users\/1"}],"replies":[{"embeddable":true,"href":"https:\/\/nemtanthangphu.com\/en\/wp-json\/wp\/v2\/comments?post=2812"}],"version-history":[{"count":0,"href":"https:\/\/nemtanthangphu.com\/en\/wp-json\/wp\/v2\/pages\/2812\/revisions"}],"wp:attachment":[{"href":"https:\/\/nemtanthangphu.com\/en\/wp-json\/wp\/v2\/media?parent=2812"}],"curies":[{"name":"wp","href":"https:\/\/api.w.org\/{rel}","templated":true}]}}