{"id":3306,"date":"2025-02-11T08:59:54","date_gmt":"2025-02-11T01:59:54","guid":{"rendered":"https:\/\/nemtangthangphu.123websitedev.com\/?post_type=product&#038;p=3306"},"modified":"2026-04-22T05:27:33","modified_gmt":"2026-04-21T22:27:33","slug":"nem-cao-su-thien-nhien-100","status":"publish","type":"product","link":"https:\/\/nemtanthangphu.com\/en\/product\/nem-cao-su-thien-nhien-100\/","title":{"rendered":"N\u1ec7m Cao Su Thi\u00ean Nhi\u00ean 100%"},"content":{"rendered":"<h1 dir=\"ltr\" data-pm-slice=\"1 1 []\">N\u1ec7m Cao Su Thi\u00ean Nhi\u00ean TAPUS \u2013 Tho\u00e1ng M\u00e1t, B\u1ea3o V\u1ec7 C\u1ed9t S\u1ed1ng, Gi\u1ea5c Ng\u1ee7 S\u00e2u<\/h1>\n<p dir=\"ltr\">B\u1ea1n \u0111ang t\u00ecm ki\u1ebfm m\u1ed9t chi\u1ebfc n\u1ec7m \u00eam \u00e1i, an to\u00e0n v\u00e0 h\u1ed7 tr\u1ee3 s\u1ee9c kh\u1ecfe? N\u1ec7m cao su thi\u00ean nhi\u00ean TAPUS t\u1eeb <strong>N\u1ec7m T\u00e2n Th\u0103ng Ph\u00fa TAPUS<\/strong> l\u00e0 l\u1ef1a ch\u1ecdn l\u00fd t\u01b0\u1edfng. L\u00e0m t\u1eeb 100% m\u1ee7 cao su t\u1ef1 nhi\u00ean, s\u1ea3n ph\u1ea9m mang l\u1ea1i gi\u1ea5c ng\u1ee7 s\u00e2u, b\u1ea3o v\u1ec7 c\u1ed9t s\u1ed1ng v\u00e0 n\u00e2ng cao ch\u1ea5t l\u01b0\u1ee3ng cu\u1ed9c s\u1ed1ng. H\u00e3y c\u00f9ng kh\u00e1m ph\u00e1 chi ti\u1ebft!<\/p>\n<h2 dir=\"ltr\">1. N\u1ec7m Cao Su Thi\u00ean Nhi\u00ean TAPUS L\u00e0 G\u00ec?<\/h2>\n<p dir=\"ltr\">N\u1ec7m cao su thi\u00ean nhi\u00ean TAPUS \u0111\u01b0\u1ee3c ch\u1ebf t\u1ea1o t\u1eeb 100% m\u1ee7 cao su t\u1ef1 nhi\u00ean, qua qu\u00e1 tr\u00ecnh l\u01b0u h\u00f3a t\u1ea1o kh\u1ed1i n\u1ec7m \u0111\u00e0n h\u1ed3i, b\u1ec1n b\u1ec9 v\u00e0 th\u00e2n thi\u1ec7n m\u00f4i tr\u01b0\u1eddng. S\u1ea3n ph\u1ea9m kh\u00f4ng ch\u1ee9a h\u00f3a ch\u1ea5t \u0111\u1ed9c h\u1ea1i, \u0111\u1ea3m b\u1ea3o an to\u00e0n tuy\u1ec7t \u0111\u1ed1i cho s\u1ee9c kh\u1ecfe ng\u01b0\u1eddi d\u00f9ng.<\/p>\n<h3 dir=\"ltr\">1.1. C\u1ea5u t\u1ea1o c\u1ee7a n\u1ec7m b\u1ea3o v\u1ec7 s\u1ee9c kh\u1ecfe<\/h3>\n<ul class=\"tight\" dir=\"ltr\" data-tight=\"true\">\n<li>\n<p dir=\"ltr\"><strong>L\u1edbp cao su thi\u00ean nhi\u00ean<\/strong>: \u0110\u00e0n h\u1ed3i t\u1ed1t, n\u00e2ng \u0111\u1ee1 c\u01a1 th\u1ec3 t\u1ed1i \u01b0u.<\/p>\n<\/li>\n<li>\n<p dir=\"ltr\"><strong>C\u1ea5u tr\u00fac b\u1ecdt h\u1edf<\/strong>: L\u1ed7 th\u00f4ng h\u01a1i t\u0103ng c\u01b0\u1eddng l\u01b0u th\u00f4ng kh\u00f4ng kh\u00ed.<\/p>\n<\/li>\n<li>\n<p dir=\"ltr\"><strong>\u00c1o n\u1ec7m cao c\u1ea5p<\/strong>: V\u1ea3i cotton ho\u1eb7c g\u1ea5m, tho\u00e1ng kh\u00ed, d\u1ec5 v\u1ec7 sinh.<\/p>\n<\/li>\n<\/ul>\n<h3 dir=\"ltr\">1.2. \u0110\u1eb7c \u0111i\u1ec3m n\u1ed5i b\u1eadt c\u1ee7a n\u1ec7m tho\u00e1ng m\u00e1t<\/h3>\n<ul class=\"tight\" dir=\"ltr\" data-tight=\"true\">\n<li>\n<p dir=\"ltr\"><strong>N\u1ec7m b\u1ea3o v\u1ec7 c\u1ed9t s\u1ed1ng<\/strong>: H\u1ed7 tr\u1ee3 t\u01b0 th\u1ebf ng\u1ee7, gi\u1ea3m \u0111au nh\u1ee9c.<\/p>\n<\/li>\n<li>\n<p dir=\"ltr\"><strong>N\u1ec7m tho\u00e1ng m\u00e1t<\/strong>: C\u1ea5u tr\u00fac th\u00f4ng tho\u00e1ng, ph\u00f9 h\u1ee3p kh\u00ed h\u1eadu n\u00f3ng \u1ea9m.<\/p>\n<\/li>\n<li>\n<p dir=\"ltr\"><strong>An to\u00e0n s\u1ee9c kh\u1ecfe<\/strong>: Kh\u00e1ng khu\u1ea9n t\u1ef1 nhi\u00ean, kh\u00f4ng g\u00e2y k\u00edch \u1ee9ng.<\/p>\n<\/li>\n<\/ul>\n<h2 dir=\"ltr\">2. T\u1ea1i Sao N\u00ean Ch\u1ecdn N\u1ec7m Cao Su Thi\u00ean Nhi\u00ean TAPUS?<\/h2>\n<h3 dir=\"ltr\">2.1. Nguy\u00ean nh\u00e2n n\u1ec7m TAPUS \u0111\u01b0\u1ee3c y\u00eau th\u00edch<\/h3>\n<ul class=\"tight\" dir=\"ltr\" data-tight=\"true\">\n<li>\n<p dir=\"ltr\"><strong>N\u1ec7m b\u1ea3o v\u1ec7 s\u1ee9c kh\u1ecfe<\/strong>: Ch\u1ea5t li\u1ec7u t\u1ef1 nhi\u00ean, an to\u00e0n cho m\u1ecdi \u0111\u1ed1i t\u01b0\u1ee3ng.<\/p>\n<\/li>\n<li>\n<p dir=\"ltr\"><strong>N\u1ec7m tho\u00e1ng m\u00e1t<\/strong>: Gi\u1eef kh\u00f4ng gian ng\u1ee7 lu\u00f4n m\u00e1t m\u1ebb, kh\u00f4 r\u00e1o.<\/p>\n<\/li>\n<li>\n<p dir=\"ltr\"><strong>\u0110\u1ed9 b\u1ec1n v\u01b0\u1ee3t tr\u1ed9i<\/strong>: Tu\u1ed5i th\u1ecd 10-15 n\u0103m, ti\u1ebft ki\u1ec7m chi ph\u00ed.<\/p>\n<\/li>\n<\/ul>\n<h3 dir=\"ltr\">2.2. L\u1ee3i \u00edch c\u1ee5 th\u1ec3 c\u1ee7a n\u1ec7m b\u1ea3o v\u1ec7 c\u1ed9t s\u1ed1ng<\/h3>\n<ul class=\"tight\" dir=\"ltr\" data-tight=\"true\">\n<li>\n<p dir=\"ltr\"><strong>Gi\u1ea5c ng\u1ee7 s\u00e2u<\/strong>: \u00d4m s\u00e1t c\u01a1 th\u1ec3, gi\u1ea3m \u00e1p l\u1ef1c, th\u01b0 gi\u00e3n t\u1ed1i \u0111a.<\/p>\n<\/li>\n<li>\n<p dir=\"ltr\"><strong>Ph\u00f9 h\u1ee3p \u0111a d\u1ea1ng \u0111\u1ed1i t\u01b0\u1ee3ng<\/strong>: Tr\u1ebb em, ng\u01b0\u1eddi l\u1edbn, ng\u01b0\u1eddi cao tu\u1ed5i.<\/p>\n<\/li>\n<li>\n<p dir=\"ltr\"><strong>Th\u1ea9m m\u1ef9 ph\u00f2ng ng\u1ee7<\/strong>: Thi\u1ebft k\u1ebf hi\u1ec7n \u0111\u1ea1i, n\u00e2ng t\u1ea7m kh\u00f4ng gian.<\/p>\n<\/li>\n<\/ul>\n<h2 dir=\"ltr\">3. C\u00f4ng D\u1ee5ng N\u1ed5i B\u1eadt C\u1ee7a N\u1ec7m Cao Su Thi\u00ean Nhi\u00ean TAPUS<\/h2>\n<h3 dir=\"ltr\">3.1. N\u1ec7m b\u1ea3o v\u1ec7 c\u1ed9t s\u1ed1ng, gi\u1ea3m \u0111au nh\u1ee9c<\/h3>\n<p dir=\"ltr\">N\u1ec7m \u00f4m s\u00e1t \u0111\u01b0\u1eddng cong c\u01a1 th\u1ec3, ph\u00e2n b\u1ed5 \u00e1p l\u1ef1c \u0111\u1ed3ng \u0111\u1ec1u. N\u1ec7m b\u1ea3o v\u1ec7 c\u1ed9t s\u1ed1ng, gi\u1eef t\u01b0 th\u1ebf t\u1ef1 nhi\u00ean, gi\u1ea3m \u0111au l\u01b0ng, vai g\u00e1y. S\u1ea3n ph\u1ea9m l\u00fd t\u01b0\u1edfng cho ng\u01b0\u1eddi b\u1ecb tho\u00e1i h\u00f3a c\u1ed9t s\u1ed1ng ho\u1eb7c \u0111au kh\u1edbp.<\/p>\n<h3 dir=\"ltr\">3.2. N\u1ec7m tho\u00e1ng m\u00e1t, ph\u00f9 h\u1ee3p kh\u00ed h\u1eadu Vi\u1ec7t Nam<\/h3>\n<p dir=\"ltr\">C\u1ea5u tr\u00fac b\u1ecdt h\u1edf v\u1edbi h\u00e0ng tri\u1ec7u l\u1ed7 th\u00f4ng h\u01a1i \u0111\u1ea3m b\u1ea3o kh\u00f4ng kh\u00ed l\u01b0u th\u00f4ng. N\u1ec7m tho\u00e1ng m\u00e1t, kh\u00f4ng h\u1ea7m b\u00ed, mang l\u1ea1i c\u1ea3m gi\u00e1c d\u1ec5 ch\u1ecbu su\u1ed1t \u0111\u00eam. \u0110\u00e2y l\u00e0 l\u1ef1a ch\u1ecdn ho\u00e0n h\u1ea3o cho th\u1eddi ti\u1ebft n\u00f3ng \u1ea9m.<\/p>\n<h3 dir=\"ltr\">3.3. Kh\u00e1ng khu\u1ea9n t\u1ef1 nhi\u00ean, an to\u00e0n s\u1ee9c kh\u1ecfe<\/h3>\n<p dir=\"ltr\">Ch\u1ea5t li\u1ec7u cao su thi\u00ean nhi\u00ean c\u00f3 kh\u1ea3 n\u0103ng kh\u00e1ng khu\u1ea9n v\u00e0 n\u1ea5m m\u1ed1c. N\u1ec7m b\u1ea3o v\u1ec7 s\u1ee9c kh\u1ecfe, ph\u00f9 h\u1ee3p v\u1edbi tr\u1ebb em, ng\u01b0\u1eddi c\u00f3 da nh\u1ea1y c\u1ea3m ho\u1eb7c d\u1ec5 d\u1ecb \u1ee9ng. Kh\u00f4ng gian ng\u1ee7 lu\u00f4n s\u1ea1ch s\u1ebd, an to\u00e0n.<\/p>\n<h3 dir=\"ltr\">3.4. \u0110\u1ed9 b\u1ec1n cao, ti\u1ebft ki\u1ec7m chi ph\u00ed<\/h3>\n<p dir=\"ltr\">N\u1ec7m c\u00f3 tu\u1ed5i th\u1ecd 10-15 n\u0103m, kh\u00f4ng x\u1eb9p l\u00fan hay bi\u1ebfn d\u1ea1ng. \u0110\u00e2y l\u00e0 kho\u1ea3n \u0111\u1ea7u t\u01b0 l\u00e2u d\u00e0i cho gi\u1ea5c ng\u1ee7 v\u00e0 s\u1ee9c kh\u1ecfe, gi\u00fap ti\u1ebft ki\u1ec7m chi ph\u00ed thay n\u1ec7m th\u01b0\u1eddng xuy\u00ean.<\/p>\n<h2 dir=\"ltr\">4. Ph\u00e2n Lo\u1ea1i N\u1ec7m Cao Su Thi\u00ean Nhi\u00ean TAPUS<\/h2>\n<h3 dir=\"ltr\">4.1. Ph\u00e2n lo\u1ea1i theo \u0111\u1ed9 d\u00e0y<\/h3>\n<ul class=\"tight\" dir=\"ltr\" data-tight=\"true\">\n<li>\n<p dir=\"ltr\"><strong>N\u1ec7m m\u1ecfng (10cm)<\/strong>: Ph\u00f9 h\u1ee3p l\u00e0m gi\u01b0\u1eddng ph\u1ee5.<\/p>\n<\/li>\n<li>\n<p dir=\"ltr\"><strong>N\u1ec7m trung (15-20cm)<\/strong>: L\u00fd t\u01b0\u1edfng cho gi\u1ea5c ng\u1ee7 tho\u1ea3i m\u00e1i t\u1ed1i \u01b0u.<\/p>\n<\/li>\n<li>\n<p dir=\"ltr\"><strong>N\u1ec7m d\u00e0y (25cm tr\u1edf l\u00ean)<\/strong>: H\u1ed7 tr\u1ee3 t\u1ed1i \u0111a, ph\u00f9 h\u1ee3p gi\u01b0\u1eddng l\u1edbn.<\/p>\n<\/li>\n<\/ul>\n<h3 dir=\"ltr\">4.2. Ph\u00e2n lo\u1ea1i theo k\u00edch th\u01b0\u1edbc<\/h3>\n<ul class=\"tight\" dir=\"ltr\" data-tight=\"true\">\n<li>\n<p dir=\"ltr\"><strong>Size \u0111\u01a1n (100x200cm, 120x200cm)<\/strong>: Ph\u00f9 h\u1ee3p tr\u1ebb em ho\u1eb7c ph\u00f2ng nh\u1ecf.<\/p>\n<\/li>\n<li>\n<p dir=\"ltr\"><strong>Size \u0111\u00f4i (140x200cm, 160x200cm)<\/strong>: L\u00fd t\u01b0\u1edfng cho c\u1eb7p \u0111\u00f4i ho\u1eb7c gia \u0111\u00ecnh.<\/p>\n<\/li>\n<li>\n<p dir=\"ltr\"><strong>Size l\u1edbn (180x200cm, 200x220cm)<\/strong>: D\u00e0nh cho gi\u01b0\u1eddng king size, kh\u00f4ng gian r\u1ed9ng r\u00e3i.<\/p>\n<\/li>\n<\/ul>\n<h2 dir=\"ltr\">5. Nh\u01b0\u1ee3c \u0110i\u1ec3m V\u00e0 Gi\u1ea3i Ph\u00e1p Khi S\u1eed D\u1ee5ng N\u1ec7m TAPUS<\/h2>\n<h3 dir=\"ltr\">5.1. Gi\u00e1 th\u00e0nh cao h\u01a1n n\u1ec7m th\u00f4ng th\u01b0\u1eddng<\/h3>\n<p dir=\"ltr\">N\u1ec7m cao su thi\u00ean nhi\u00ean \u0111\u1eaft h\u01a1n do ch\u1ea5t li\u1ec7u t\u1ef1 nhi\u00ean v\u00e0 c\u00f4ng ngh\u1ec7 cao c\u1ea5p. <strong>Gi\u1ea3i ph\u00e1p<\/strong>: Xem \u0111\u00e2y l\u00e0 \u0111\u1ea7u t\u01b0 l\u00e2u d\u00e0i cho s\u1ee9c kh\u1ecfe. \u0110\u1ed9 b\u1ec1n cao gi\u00fap ti\u1ebft ki\u1ec7m chi ph\u00ed thay n\u1ec7m.<\/p>\n<h3 dir=\"ltr\">5.2. Tr\u1ecdng l\u01b0\u1ee3ng n\u1eb7ng, kh\u00f3 di chuy\u1ec3n<\/h3>\n<p dir=\"ltr\">N\u1ec7m n\u1eb7ng h\u01a1n, g\u00e2y kh\u00f3 kh\u0103n khi v\u1ec7 sinh ho\u1eb7c di chuy\u1ec3n. <strong>Gi\u1ea3i ph\u00e1p<\/strong>: Nh\u1edd s\u1ef1 h\u1ed7 tr\u1ee3 c\u1ee7a 2 ng\u01b0\u1eddi ho\u1eb7c \u0111\u1eb7t n\u1ec7m c\u1ed1 \u0111\u1ecbnh tr\u00ean khung gi\u01b0\u1eddng.<\/p>\n<h2 dir=\"ltr\">6. N\u1ec7m Cao Su Thi\u00ean Nhi\u00ean TAPUS Ph\u00f9 H\u1ee3p V\u1edbi Ai?<\/h2>\n<ul class=\"tight\" dir=\"ltr\" data-tight=\"true\">\n<li>\n<p dir=\"ltr\"><strong>Ng\u01b0\u1eddi cao tu\u1ed5i<\/strong>: N\u1ec7m b\u1ea3o v\u1ec7 c\u1ed9t s\u1ed1ng, gi\u1ea3m \u0111au nh\u1ee9c, gi\u1ea5c ng\u1ee7 s\u00e2u.<\/p>\n<\/li>\n<li>\n<p dir=\"ltr\"><strong>Tr\u1ebb em<\/strong>: Ch\u1ea5t li\u1ec7u an to\u00e0n, h\u1ed7 tr\u1ee3 ph\u00e1t tri\u1ec3n h\u1ec7 x\u01b0\u01a1ng.<\/p>\n<\/li>\n<li>\n<p dir=\"ltr\"><strong>Ng\u01b0\u1eddi \u0111au l\u01b0ng, vai g\u00e1y<\/strong>: N\u1ec7m b\u1ea3o v\u1ec7 c\u1ed9t s\u1ed1ng, gi\u1ea3m \u00e1p l\u1ef1c hi\u1ec7u qu\u1ea3.<\/p>\n<\/li>\n<li>\n<p dir=\"ltr\"><strong>Ng\u01b0\u1eddi c\u00f3 da nh\u1ea1y c\u1ea3m<\/strong>: Kh\u00e1ng khu\u1ea9n t\u1ef1 nhi\u00ean, kh\u00f4ng g\u00e2y k\u00edch \u1ee9ng.<\/p>\n<\/li>\n<\/ul>\n<h3 dir=\"ltr\">6.1. L\u00fd do ph\u00f9 h\u1ee3p cho tr\u1ebb em<\/h3>\n<ul class=\"tight\" dir=\"ltr\" data-tight=\"true\">\n<li>\n<p dir=\"ltr\">Ch\u1ea5t li\u1ec7u t\u1ef1 nhi\u00ean, kh\u00f4ng g\u00e2y d\u1ecb \u1ee9ng da.<\/p>\n<\/li>\n<li>\n<p dir=\"ltr\">H\u1ed7 tr\u1ee3 t\u01b0 th\u1ebf ng\u1ee7, gi\u00fap tr\u1ebb ph\u00e1t tri\u1ec3n x\u01b0\u01a1ng kh\u1ecfe m\u1ea1nh.<\/p>\n<\/li>\n<li>\n<p dir=\"ltr\">N\u1ec7m tho\u00e1ng m\u00e1t, \u0111\u1ea3m b\u1ea3o m\u00f4i tr\u01b0\u1eddng ng\u1ee7 s\u1ea1ch s\u1ebd.<\/p>\n<\/li>\n<\/ul>\n<h2 dir=\"ltr\">7. H\u01b0\u1edbng D\u1eabn S\u1eed D\u1ee5ng V\u00e0 B\u1ea3o Qu\u1ea3n N\u1ec7m TAPUS<\/h2>\n<h3 dir=\"ltr\">7.1. C\u00e1ch s\u1eed d\u1ee5ng n\u1ec7m b\u1ea3o v\u1ec7 s\u1ee9c kh\u1ecfe hi\u1ec7u qu\u1ea3<\/h3>\n<ul class=\"tight\" dir=\"ltr\" data-tight=\"true\">\n<li>\n<p dir=\"ltr\">\u0110\u1eb7t n\u1ec7m tr\u00ean b\u1ec1 m\u1eb7t ph\u1eb3ng, tr\u00e1nh g\u1ea5p cong.<\/p>\n<\/li>\n<li>\n<p dir=\"ltr\">S\u1eed d\u1ee5ng ga tr\u1ea3i n\u1ec7m \u0111\u1ec3 b\u1ea3o v\u1ec7 b\u1ec1 m\u1eb7t.<\/p>\n<\/li>\n<li>\n<p dir=\"ltr\">Xoay n\u1ec7m 180 \u0111\u1ed9 m\u1ed7i 3-6 th\u00e1ng \u0111\u1ec3 \u0111\u1ea3m b\u1ea3o \u0111\u1ed9 b\u1ec1n.<\/p>\n<\/li>\n<\/ul>\n<h3 dir=\"ltr\">7.2. Gi\u1ea3i ph\u00e1p b\u1ea3o qu\u1ea3n n\u1ec7m tho\u00e1ng m\u00e1t l\u00e2u d\u00e0i<\/h3>\n<ul class=\"tight\" dir=\"ltr\" data-tight=\"true\">\n<li>\n<p dir=\"ltr\">V\u1ec7 sinh b\u1eb1ng kh\u0103n \u1ea9m v\u00e0 m\u00e1y h\u00fat b\u1ee5i \u0111\u1ecbnh k\u1ef3.<\/p>\n<\/li>\n<li>\n<p dir=\"ltr\">Gi\u1eb7t \u00e1o n\u1ec7m 1-2 th\u00e1ng\/l\u1ea7n, tr\u00e1nh ng\u00e2m n\u01b0\u1edbc.<\/p>\n<\/li>\n<li>\n<p dir=\"ltr\">Tr\u00e1nh \u00e1nh n\u1eafng tr\u1ef1c ti\u1ebfp \u0111\u1ec3 b\u1ea3o v\u1ec7 ch\u1ea5t li\u1ec7u cao su.<\/p>\n<\/li>\n<li>\n<p dir=\"ltr\">Kh\u00f4ng s\u1eed d\u1ee5ng h\u00f3a ch\u1ea5t t\u1ea9y r\u1eeda m\u1ea1nh, tr\u00e1nh h\u1ecfng n\u1ec7m.<\/p>\n<\/li>\n<\/ul>\n<h2 dir=\"ltr\">8. Mua N\u1ec7m Cao Su Thi\u00ean Nhi\u00ean TAPUS Ch\u00ednh H\u00e3ng \u1ede \u0110\u00e2u?<\/h2>\n<p dir=\"ltr\">\u0110\u1ec3 s\u1edf h\u1eefu n\u1ec7m cao su thi\u00ean nhi\u00ean TAPUS ch\u00ednh h\u00e3ng, h\u00e3y li\u00ean h\u1ec7 t\u1ea1i N\u1ec7m T\u00e2n Th\u0103ng Ph\u00fa TAPUS. Ch\u00fang t\u00f4i cam k\u1ebft:<\/p>\n<ul class=\"tight\" dir=\"ltr\" data-tight=\"true\">\n<li>\n<p dir=\"ltr\"><strong>Ch\u1ea5t l\u01b0\u1ee3ng \u0111\u1ea3m b\u1ea3o<\/strong>: S\u1ea3n ph\u1ea9m \u0111\u1ea1t ti\u00eau chu\u1ea9n qu\u1ed1c t\u1ebf.<\/p>\n<\/li>\n<li>\n<p dir=\"ltr\"><strong>B\u1ea3o h\u00e0nh ch\u00ednh h\u00e3ng<\/strong>: L\u00ean \u0111\u1ebfn 15 n\u0103m cho x\u1eb9p l\u00fan.<\/p>\n<\/li>\n<li>\n<p dir=\"ltr\"><strong>\u01afu \u0111\u00e3i h\u1ea5p d\u1eabn<\/strong>: Nhi\u1ec1u khuy\u1ebfn m\u00e3i khi mua h\u00e0ng online.<\/p>\n<\/li>\n<\/ul>\n<h2 dir=\"ltr\">9. K\u1ebft Lu\u1eadn<\/h2>\n<p dir=\"ltr\">N\u1ec7m cao su thi\u00ean nhi\u00ean TAPUS t\u1eeb <strong>N\u1ec7m T\u00e2n Th\u0103ng Ph\u00fa TAPUS<\/strong> l\u00e0 gi\u1ea3i ph\u00e1p l\u00fd t\u01b0\u1edfng cho gi\u1ea5c ng\u1ee7 ch\u1ea5t l\u01b0\u1ee3ng. V\u1edbi ch\u1ea5t li\u1ec7u 100% t\u1ef1 nhi\u00ean, n\u1ec7m tho\u00e1ng m\u00e1t, n\u1ec7m b\u1ea3o v\u1ec7 c\u1ed9t s\u1ed1ng v\u00e0 kh\u00e1ng khu\u1ea9n v\u01b0\u1ee3t tr\u1ed9i, s\u1ea3n ph\u1ea9m mang l\u1ea1i tr\u1ea3i nghi\u1ec7m ng\u1ee7 an to\u00e0n v\u00e0 tho\u1ea3i m\u00e1i. \u0110\u00e2y l\u00e0 kho\u1ea3n \u0111\u1ea7u t\u01b0 x\u1ee9ng \u0111\u00e1ng cho s\u1ee9c kh\u1ecfe v\u00e0 cu\u1ed9c s\u1ed1ng.<\/p>\n<p dir=\"ltr\">H\u00e3y \u0111\u1ea7u t\u01b0 v\u00e0o n\u1ec7m TAPUS \u0111\u1ec3 n\u00e2ng t\u1ea7m kh\u00f4ng gian ng\u1ee7. Li\u00ean h\u1ec7 ngay t\u1ea1i N\u1ec7m T\u00e2n Th\u0103ng Ph\u00fa TAPUS \u0111\u1ec3 nh\u1eadn t\u01b0 v\u1ea5n v\u00e0 \u01b0u \u0111\u00e3i \u0111\u1eb7c bi\u1ec7t h\u00f4m nay!<\/p>\n<h3 dir=\"ltr\"><strong>Tham kh\u1ea3o th\u00eam<\/strong>: <span style=\"color: #0000ff;\"><a style=\"color: #0000ff;\" href=\"https:\/\/nemtanthangphu.com\/en\/product\/goi-cao-su-thien-nhien-nang-niu-giac-ngu-cua-ban\/\">Natural Latex Pillow: Cherish Your Sleep With Softness And Safety<\/a><\/span><\/h3>","protected":false},"excerpt":{"rendered":"<p>N\u1ec7m Cao Su Thi\u00ean Nhi\u00ean TAPUS \u2013 Tho\u00e1ng M\u00e1t, B\u1ea3o V\u1ec7 C\u1ed9t S\u1ed1ng, Gi\u1ea5c Ng\u1ee7 S\u00e2u B\u1ea1n \u0111ang t\u00ecm ki\u1ebfm m\u1ed9t chi\u1ebfc n\u1ec7m \u00eam \u00e1i, an to\u00e0n v\u00e0 h\u1ed7 tr\u1ee3 s\u1ee9c kh\u1ecfe? N\u1ec7m cao su thi\u00ean nhi\u00ean TAPUS t\u1eeb N\u1ec7m T\u00e2n Th\u0103ng Ph\u00fa TAPUS l\u00e0 l\u1ef1a ch\u1ecdn l\u00fd t\u01b0\u1edfng. L\u00e0m t\u1eeb 100% m\u1ee7 cao su [&hellip;]<\/p>","protected":false},"featured_media":3308,"comment_status":"open","ping_status":"closed","template":"","meta":[],"product_cat":[19,28],"product_tag":[],"class_list":{"0":"post-3306","1":"product","2":"type-product","3":"status-publish","4":"has-post-thumbnail","6":"product_cat-nem-cao-su","7":"product_cat-nem","9":"first","10":"instock","11":"sale","12":"shipping-taxable","13":"purchasable","14":"product-type-variable","15":"has-default-attributes"},"yoast_head":"<!-- This site is optimized with the Yoast SEO Premium plugin v24.8 (Yoast SEO v24.8) - https:\/\/yoast.com\/wordpress\/plugins\/seo\/ -->\n<title>N\u1ec7m Cao Su Thi\u00ean Nhi\u00ean TAPUS: Gi\u1ea5c Ng\u1ee7 S\u00e2u, S\u1ee9c Kh\u1ecfe T\u1ed1t<\/title>\n<meta name=\"description\" content=\"Kh\u00e1m ph\u00e1 n\u1ec7m cao su thi\u00ean nhi\u00ean TAPUS t\u1eeb N\u1ec7m T\u00e2n Th\u0103ng Ph\u00fa TAPUS \u2013 n\u1ec7m tho\u00e1ng m\u00e1t, b\u1ea3o v\u1ec7 s\u1ee9c kh\u1ecfe, h\u1ed7 tr\u1ee3 c\u1ed9t s\u1ed1ng, mang l\u1ea1i gi\u1ea5c ng\u1ee7 s\u00e2u v\u00e0 an to\u00e0n.\" \/>\n<meta name=\"robots\" content=\"index, follow, max-snippet:-1, max-image-preview:large, max-video-preview:-1\" \/>\n<link rel=\"canonical\" href=\"https:\/\/nemtanthangphu.com\/en\/product\/nem-cao-su-thien-nhien-100\/\" \/>\n<meta property=\"og:locale\" content=\"en_US\" \/>\n<meta property=\"og:type\" content=\"article\" \/>\n<meta property=\"og:title\" content=\"N\u1ec7m Cao Su Thi\u00ean Nhi\u00ean 100%\" \/>\n<meta property=\"og:description\" content=\"Kh\u00e1m ph\u00e1 n\u1ec7m cao su thi\u00ean nhi\u00ean TAPUS t\u1eeb N\u1ec7m T\u00e2n Th\u0103ng Ph\u00fa TAPUS \u2013 n\u1ec7m tho\u00e1ng m\u00e1t, b\u1ea3o v\u1ec7 s\u1ee9c kh\u1ecfe, h\u1ed7 tr\u1ee3 c\u1ed9t s\u1ed1ng, mang l\u1ea1i gi\u1ea5c ng\u1ee7 s\u00e2u v\u00e0 an to\u00e0n.\" \/>\n<meta property=\"og:url\" content=\"https:\/\/nemtanthangphu.com\/en\/product\/nem-cao-su-thien-nhien-100\/\" \/>\n<meta property=\"og:site_name\" content=\"N\u1ec7m T\u00e2n Th\u0103ng Ph\u00fa\" \/>\n<meta property=\"article:publisher\" content=\"https:\/\/www.facebook.com\/nemtanthanngphu.tapus\" \/>\n<meta property=\"article:modified_time\" content=\"2026-04-21T22:27:33+00:00\" \/>\n<meta property=\"og:image\" content=\"https:\/\/nemtanthangphu.com\/wp-content\/uploads\/2025\/02\/nem-cao-su-thien-nhien-02.jpg\" \/>\n\t<meta property=\"og:image:width\" content=\"600\" \/>\n\t<meta property=\"og:image:height\" content=\"500\" \/>\n\t<meta property=\"og:image:type\" content=\"image\/jpeg\" \/>\n<meta name=\"twitter:card\" content=\"summary_large_image\" \/>\n<meta name=\"twitter:label1\" content=\"Est. reading time\" \/>\n\t<meta name=\"twitter:data1\" content=\"7 minutes\" \/>\n<script type=\"application\/ld+json\" class=\"yoast-schema-graph\">{\"@context\":\"https:\/\/schema.org\",\"@graph\":[{\"@type\":\"WebPage\",\"@id\":\"https:\/\/nemtanthangphu.com\/san-pham\/nem-cao-su-thien-nhien-100\/\",\"url\":\"https:\/\/nemtanthangphu.com\/san-pham\/nem-cao-su-thien-nhien-100\/\",\"name\":\"N\u1ec7m Cao Su Thi\u00ean Nhi\u00ean TAPUS: Gi\u1ea5c Ng\u1ee7 S\u00e2u, S\u1ee9c Kh\u1ecfe T\u1ed1t\",\"isPartOf\":{\"@id\":\"https:\/\/nemtanthangphu.com\/#website\"},\"primaryImageOfPage\":{\"@id\":\"https:\/\/nemtanthangphu.com\/san-pham\/nem-cao-su-thien-nhien-100\/#primaryimage\"},\"image\":{\"@id\":\"https:\/\/nemtanthangphu.com\/san-pham\/nem-cao-su-thien-nhien-100\/#primaryimage\"},\"thumbnailUrl\":\"https:\/\/nemtanthangphu.com\/wp-content\/uploads\/2025\/02\/nem-cao-su-thien-nhien-02.jpg\",\"datePublished\":\"2025-02-11T01:59:54+00:00\",\"dateModified\":\"2026-04-21T22:27:33+00:00\",\"description\":\"Kh\u00e1m ph\u00e1 n\u1ec7m cao su thi\u00ean nhi\u00ean TAPUS t\u1eeb N\u1ec7m T\u00e2n Th\u0103ng Ph\u00fa TAPUS \u2013 n\u1ec7m tho\u00e1ng m\u00e1t, b\u1ea3o v\u1ec7 s\u1ee9c kh\u1ecfe, h\u1ed7 tr\u1ee3 c\u1ed9t s\u1ed1ng, mang l\u1ea1i gi\u1ea5c ng\u1ee7 s\u00e2u v\u00e0 an to\u00e0n.\",\"breadcrumb\":{\"@id\":\"https:\/\/nemtanthangphu.com\/san-pham\/nem-cao-su-thien-nhien-100\/#breadcrumb\"},\"inLanguage\":\"en-US\",\"potentialAction\":[{\"@type\":\"ReadAction\",\"target\":[\"https:\/\/nemtanthangphu.com\/san-pham\/nem-cao-su-thien-nhien-100\/\"]}]},{\"@type\":\"ImageObject\",\"inLanguage\":\"en-US\",\"@id\":\"https:\/\/nemtanthangphu.com\/san-pham\/nem-cao-su-thien-nhien-100\/#primaryimage\",\"url\":\"https:\/\/nemtanthangphu.com\/wp-content\/uploads\/2025\/02\/nem-cao-su-thien-nhien-02.jpg\",\"contentUrl\":\"https:\/\/nemtanthangphu.com\/wp-content\/uploads\/2025\/02\/nem-cao-su-thien-nhien-02.jpg\",\"width\":600,\"height\":500,\"caption\":\"N\u1ec7m Cao Su Thi\u00ean Nhi\u00ean\"},{\"@type\":\"BreadcrumbList\",\"@id\":\"https:\/\/nemtanthangphu.com\/san-pham\/nem-cao-su-thien-nhien-100\/#breadcrumb\",\"itemListElement\":[{\"@type\":\"ListItem\",\"position\":1,\"name\":\"Home\",\"item\":\"https:\/\/nemtanthangphu.com\/\"},{\"@type\":\"ListItem\",\"position\":2,\"name\":\"S\u1ea3n ph\u1ea9m\",\"item\":\"https:\/\/nemtanthangphu.com\/en\/san-pham\/\"},{\"@type\":\"ListItem\",\"position\":3,\"name\":\"N\u1ec7m Cao Su Thi\u00ean Nhi\u00ean 100%\"}]},{\"@type\":\"WebSite\",\"@id\":\"https:\/\/nemtanthangphu.com\/#website\",\"url\":\"https:\/\/nemtanthangphu.com\/\",\"name\":\"N\u1ec7m T\u00e2n Th\u0103ng Ph\u00fa\",\"description\":\"All the best for your life\",\"publisher\":{\"@id\":\"https:\/\/nemtanthangphu.com\/#organization\"},\"potentialAction\":[{\"@type\":\"SearchAction\",\"target\":{\"@type\":\"EntryPoint\",\"urlTemplate\":\"https:\/\/nemtanthangphu.com\/?s={search_term_string}\"},\"query-input\":{\"@type\":\"PropertyValueSpecification\",\"valueRequired\":true,\"valueName\":\"search_term_string\"}}],\"inLanguage\":\"en-US\"},{\"@type\":\"Organization\",\"@id\":\"https:\/\/nemtanthangphu.com\/#organization\",\"name\":\"N\u1ec7m T\u00e2n Th\u0103ng Ph\u00fa\",\"url\":\"https:\/\/nemtanthangphu.com\/\",\"logo\":{\"@type\":\"ImageObject\",\"inLanguage\":\"en-US\",\"@id\":\"https:\/\/nemtanthangphu.com\/#\/schema\/logo\/image\/\",\"url\":\"https:\/\/nemtanthangphu.com\/wp-content\/uploads\/2024\/12\/logo_02_nem_tang_phu.png\",\"contentUrl\":\"https:\/\/nemtanthangphu.com\/wp-content\/uploads\/2024\/12\/logo_02_nem_tang_phu.png\",\"width\":500,\"height\":500,\"caption\":\"N\u1ec7m T\u00e2n Th\u0103ng Ph\u00fa\"},\"image\":{\"@id\":\"https:\/\/nemtanthangphu.com\/#\/schema\/logo\/image\/\"},\"sameAs\":[\"https:\/\/www.facebook.com\/nemtanthanngphu.tapus\"]}]}<\/script>\n<!-- \/ Yoast SEO Premium plugin. -->","yoast_head_json":{"title":"N\u1ec7m Cao Su Thi\u00ean Nhi\u00ean TAPUS: Gi\u1ea5c Ng\u1ee7 S\u00e2u, S\u1ee9c Kh\u1ecfe T\u1ed1t","description":"Kh\u00e1m ph\u00e1 n\u1ec7m cao su thi\u00ean nhi\u00ean TAPUS t\u1eeb N\u1ec7m T\u00e2n Th\u0103ng Ph\u00fa TAPUS \u2013 n\u1ec7m tho\u00e1ng m\u00e1t, b\u1ea3o v\u1ec7 s\u1ee9c kh\u1ecfe, h\u1ed7 tr\u1ee3 c\u1ed9t s\u1ed1ng, mang l\u1ea1i gi\u1ea5c ng\u1ee7 s\u00e2u v\u00e0 an to\u00e0n.","robots":{"index":"index","follow":"follow","max-snippet":"max-snippet:-1","max-image-preview":"max-image-preview:large","max-video-preview":"max-video-preview:-1"},"canonical":"https:\/\/nemtanthangphu.com\/en\/product\/nem-cao-su-thien-nhien-100\/","og_locale":"en_US","og_type":"article","og_title":"N\u1ec7m Cao Su Thi\u00ean Nhi\u00ean 100%","og_description":"Kh\u00e1m ph\u00e1 n\u1ec7m cao su thi\u00ean nhi\u00ean TAPUS t\u1eeb N\u1ec7m T\u00e2n Th\u0103ng Ph\u00fa TAPUS \u2013 n\u1ec7m tho\u00e1ng m\u00e1t, b\u1ea3o v\u1ec7 s\u1ee9c kh\u1ecfe, h\u1ed7 tr\u1ee3 c\u1ed9t s\u1ed1ng, mang l\u1ea1i gi\u1ea5c ng\u1ee7 s\u00e2u v\u00e0 an to\u00e0n.","og_url":"https:\/\/nemtanthangphu.com\/en\/product\/nem-cao-su-thien-nhien-100\/","og_site_name":"N\u1ec7m T\u00e2n Th\u0103ng Ph\u00fa","article_publisher":"https:\/\/www.facebook.com\/nemtanthanngphu.tapus","article_modified_time":"2026-04-21T22:27:33+00:00","og_image":[{"width":600,"height":500,"url":"https:\/\/nemtanthangphu.com\/wp-content\/uploads\/2025\/02\/nem-cao-su-thien-nhien-02.jpg","type":"image\/jpeg"}],"twitter_card":"summary_large_image","twitter_misc":{"Est. reading time":"7 minutes"},"schema":{"@context":"https:\/\/schema.org","@graph":[{"@type":"WebPage","@id":"https:\/\/nemtanthangphu.com\/san-pham\/nem-cao-su-thien-nhien-100\/","url":"https:\/\/nemtanthangphu.com\/san-pham\/nem-cao-su-thien-nhien-100\/","name":"N\u1ec7m Cao Su Thi\u00ean Nhi\u00ean TAPUS: Gi\u1ea5c Ng\u1ee7 S\u00e2u, S\u1ee9c Kh\u1ecfe T\u1ed1t","isPartOf":{"@id":"https:\/\/nemtanthangphu.com\/#website"},"primaryImageOfPage":{"@id":"https:\/\/nemtanthangphu.com\/san-pham\/nem-cao-su-thien-nhien-100\/#primaryimage"},"image":{"@id":"https:\/\/nemtanthangphu.com\/san-pham\/nem-cao-su-thien-nhien-100\/#primaryimage"},"thumbnailUrl":"https:\/\/nemtanthangphu.com\/wp-content\/uploads\/2025\/02\/nem-cao-su-thien-nhien-02.jpg","datePublished":"2025-02-11T01:59:54+00:00","dateModified":"2026-04-21T22:27:33+00:00","description":"Kh\u00e1m ph\u00e1 n\u1ec7m cao su thi\u00ean nhi\u00ean TAPUS t\u1eeb N\u1ec7m T\u00e2n Th\u0103ng Ph\u00fa TAPUS \u2013 n\u1ec7m tho\u00e1ng m\u00e1t, b\u1ea3o v\u1ec7 s\u1ee9c kh\u1ecfe, h\u1ed7 tr\u1ee3 c\u1ed9t s\u1ed1ng, mang l\u1ea1i gi\u1ea5c ng\u1ee7 s\u00e2u v\u00e0 an to\u00e0n.","breadcrumb":{"@id":"https:\/\/nemtanthangphu.com\/san-pham\/nem-cao-su-thien-nhien-100\/#breadcrumb"},"inLanguage":"en-US","potentialAction":[{"@type":"ReadAction","target":["https:\/\/nemtanthangphu.com\/san-pham\/nem-cao-su-thien-nhien-100\/"]}]},{"@type":"ImageObject","inLanguage":"en-US","@id":"https:\/\/nemtanthangphu.com\/san-pham\/nem-cao-su-thien-nhien-100\/#primaryimage","url":"https:\/\/nemtanthangphu.com\/wp-content\/uploads\/2025\/02\/nem-cao-su-thien-nhien-02.jpg","contentUrl":"https:\/\/nemtanthangphu.com\/wp-content\/uploads\/2025\/02\/nem-cao-su-thien-nhien-02.jpg","width":600,"height":500,"caption":"N\u1ec7m Cao Su Thi\u00ean Nhi\u00ean"},{"@type":"BreadcrumbList","@id":"https:\/\/nemtanthangphu.com\/san-pham\/nem-cao-su-thien-nhien-100\/#breadcrumb","itemListElement":[{"@type":"ListItem","position":1,"name":"Home","item":"https:\/\/nemtanthangphu.com\/"},{"@type":"ListItem","position":2,"name":"S\u1ea3n ph\u1ea9m","item":"https:\/\/nemtanthangphu.com\/en\/san-pham\/"},{"@type":"ListItem","position":3,"name":"N\u1ec7m Cao Su Thi\u00ean Nhi\u00ean 100%"}]},{"@type":"WebSite","@id":"https:\/\/nemtanthangphu.com\/#website","url":"https:\/\/nemtanthangphu.com\/","name":"N\u1ec7m T\u00e2n Th\u0103ng Ph\u00fa","description":"All the best for your life","publisher":{"@id":"https:\/\/nemtanthangphu.com\/#organization"},"potentialAction":[{"@type":"SearchAction","target":{"@type":"EntryPoint","urlTemplate":"https:\/\/nemtanthangphu.com\/?s={search_term_string}"},"query-input":{"@type":"PropertyValueSpecification","valueRequired":true,"valueName":"search_term_string"}}],"inLanguage":"en-US"},{"@type":"Organization","@id":"https:\/\/nemtanthangphu.com\/#organization","name":"N\u1ec7m T\u00e2n Th\u0103ng Ph\u00fa","url":"https:\/\/nemtanthangphu.com\/","logo":{"@type":"ImageObject","inLanguage":"en-US","@id":"https:\/\/nemtanthangphu.com\/#\/schema\/logo\/image\/","url":"https:\/\/nemtanthangphu.com\/wp-content\/uploads\/2024\/12\/logo_02_nem_tang_phu.png","contentUrl":"https:\/\/nemtanthangphu.com\/wp-content\/uploads\/2024\/12\/logo_02_nem_tang_phu.png","width":500,"height":500,"caption":"N\u1ec7m T\u00e2n Th\u0103ng Ph\u00fa"},"image":{"@id":"https:\/\/nemtanthangphu.com\/#\/schema\/logo\/image\/"},"sameAs":["https:\/\/www.facebook.com\/nemtanthanngphu.tapus"]}]}},"acf":[],"_links":{"self":[{"href":"https:\/\/nemtanthangphu.com\/en\/wp-json\/wp\/v2\/product\/3306","targetHints":{"allow":["GET"]}}],"collection":[{"href":"https:\/\/nemtanthangphu.com\/en\/wp-json\/wp\/v2\/product"}],"about":[{"href":"https:\/\/nemtanthangphu.com\/en\/wp-json\/wp\/v2\/types\/product"}],"replies":[{"embeddable":true,"href":"https:\/\/nemtanthangphu.com\/en\/wp-json\/wp\/v2\/comments?post=3306"}],"wp:featuredmedia":[{"embeddable":true,"href":"https:\/\/nemtanthangphu.com\/en\/wp-json\/wp\/v2\/media\/3308"}],"wp:attachment":[{"href":"https:\/\/nemtanthangphu.com\/en\/wp-json\/wp\/v2\/media?parent=3306"}],"wp:term":[{"taxonomy":"product_cat","embeddable":true,"href":"https:\/\/nemtanthangphu.com\/en\/wp-json\/wp\/v2\/product_cat?post=3306"},{"taxonomy":"product_tag","embeddable":true,"href":"https:\/\/nemtanthangphu.com\/en\/wp-json\/wp\/v2\/product_tag?post=3306"}],"curies":[{"name":"wp","href":"https:\/\/api.w.org\/{rel}","templated":true}]}}