{"id":3370,"date":"2025-02-13T14:05:15","date_gmt":"2025-02-13T07:05:15","guid":{"rendered":"https:\/\/nemtangthangphu.123websitedev.com\/?post_type=product&#038;p=3370"},"modified":"2026-05-06T07:11:53","modified_gmt":"2026-05-06T00:11:53","slug":"nem-pe-gap-3-giai-phap-tiet-kiem-thoai-mai-cho-moi-gia-dinh","status":"publish","type":"product","link":"https:\/\/nemtanthangphu.com\/en\/product\/nem-pe-gap-3-giai-phap-tiet-kiem-thoai-mai-cho-moi-gia-dinh\/","title":{"rendered":"N\u1ec7m PE G\u1ea5p 3: Gi\u1ea3i Ph\u00e1p Ti\u1ebft Ki\u1ec7m, Tho\u1ea3i M\u00e1i Cho M\u1ecdi Gia \u0110\u00ecnh"},"content":{"rendered":"<h1><strong>N\u1ec7m PE G\u1ea5p 3: Gi\u1ea3i Ph\u00e1p Ti\u1ebft Ki\u1ec7m, Tho\u1ea3i M\u00e1i Cho M\u1ecdi Gia \u0110\u00ecnh<\/strong><\/h1>\n<p>Trong cu\u1ed9c s\u1ed1ng hi\u1ec7n \u0111\u1ea1i, kh\u00f4ng gian s\u1ed1ng ng\u00e0y c\u00e0ng tr\u1edf n\u00ean qu\u00fd gi\u00e1. Vi\u1ec7c l\u1ef1a ch\u1ecdn m\u1ed9t chi\u1ebfc n\u1ec7m v\u1eeba tho\u1ea3i m\u00e1i, v\u1eeba ti\u1ebft ki\u1ec7m kh\u00f4ng gian l\u00e0 \u0111i\u1ec1u m\u00e0 nhi\u1ec1u gia \u0111\u00ecnh quan t\u00e2m.\u00a0<strong>N\u1ec7m PE g\u1ea5p 3<\/strong>\u00a0\u2013 d\u00f2ng s\u1ea3n ph\u1ea9m \u0111\u01b0\u1ee3c l\u00e0m t\u1eeb ch\u1ea5t li\u1ec7u polyethylene (PE) cao c\u1ea5p \u2013 ch\u00ednh l\u00e0 gi\u1ea3i ph\u00e1p ho\u00e0n h\u1ea3o cho nh\u1eefng ai \u0111ang t\u00ecm ki\u1ebfm s\u1ef1 ti\u1ec7n l\u1ee3i, b\u1ec1n b\u1ec9 v\u00e0 ti\u1ebft ki\u1ec7m chi ph\u00ed. H\u00e3y c\u00f9ng kh\u00e1m ph\u00e1 chi ti\u1ebft v\u1ec1 d\u00f2ng n\u1ec7m n\u00e0y qua b\u00e0i vi\u1ebft d\u01b0\u1edbi \u0111\u00e2y!<\/p>\n<hr \/>\n<h4><strong>1. N\u1ec7m PE G\u1ea5p 3 L\u00e0 G\u00ec?<\/strong><\/h4>\n<p><strong>N\u1ec7m PE g\u1ea5p 3<\/strong>\u00a0l\u00e0 lo\u1ea1i n\u1ec7m \u0111\u01b0\u1ee3c l\u00e0m t\u1eeb ch\u1ea5t li\u1ec7u\u00a0<strong>polyethylene (PE)<\/strong>\u00a0\u2013 m\u1ed9t lo\u1ea1i nh\u1ef1a t\u1ed5ng h\u1ee3p c\u00f3 \u0111\u1ed9 b\u1ec1n cao, nh\u1eb9 v\u00e0 an to\u00e0n cho s\u1ee9c kh\u1ecfe. \u0110i\u1ec3m \u0111\u1eb7c bi\u1ec7t c\u1ee7a d\u00f2ng n\u1ec7m n\u00e0y l\u00e0 kh\u1ea3 n\u0103ng\u00a0<strong>g\u1ea5p g\u1ecdn th\u00e0nh 3 ph\u1ea7n<\/strong>, gi\u00fap ti\u1ebft ki\u1ec7m t\u1ed1i \u0111a kh\u00f4ng gian l\u01b0u tr\u1eef v\u00e0 d\u1ec5 d\u00e0ng di chuy\u1ec3n. V\u1edbi thi\u1ebft k\u1ebf th\u00f4ng minh,\u0111\u00e2y l\u00e0 l\u1ef1a ch\u1ecdn l\u00fd t\u01b0\u1edfng cho c\u00e1c c\u0103n h\u1ed9 nh\u1ecf, ph\u00f2ng tr\u1ecd ho\u1eb7c gia \u0111\u00ecnh c\u1ea7n t\u1ed1i \u01b0u h\u00f3a di\u1ec7n t\u00edch.<\/p>\n<hr \/>\n<h4><strong>2. T\u1ea1i Sao N\u00ean Ch\u1ecdn N\u1ec7m PE G\u1ea5p 3?<\/strong><\/h4>\n<h5><strong>Ti\u1ebft Ki\u1ec7m Kh\u00f4ng Gian<\/strong><\/h5>\n<ul>\n<li>Thi\u1ebft k\u1ebf\u00a0<strong>g\u1ea5p g\u1ecdn th\u00e0nh 3 ph\u1ea7n<\/strong>\u00a0gi\u00fap n\u1ec7m d\u1ec5 d\u00e0ng c\u1ea5t gi\u1eef khi kh\u00f4ng s\u1eed d\u1ee5ng, ph\u00f9 h\u1ee3p v\u1edbi c\u00e1c kh\u00f4ng gian nh\u1ecf h\u1eb9p nh\u01b0 ph\u00f2ng tr\u1ecd, c\u0103n h\u1ed9 mini ho\u1eb7c nh\u00e0 c\u00f3 tr\u1ebb nh\u1ecf.<\/li>\n<li>Sau khi g\u1ea5p g\u1ecdn, n\u1ec7m ch\u1ec9 chi\u1ebfm m\u1ed9t ph\u1ea7n nh\u1ecf di\u1ec7n t\u00edch, gi\u00fap b\u1ea1n t\u1eadn d\u1ee5ng kh\u00f4ng gian hi\u1ec7u qu\u1ea3 h\u01a1n.<\/li>\n<\/ul>\n<h5><strong>Gi\u00e1 Th\u00e0nh H\u1ee3p L\u00fd<\/strong><\/h5>\n<ul>\n<li>So v\u1edbi c\u00e1c lo\u1ea1i n\u1ec7m cao su, n\u1ec7m l\u00f2 xo hay n\u1ec7m foam, n\u1ec7m PE g\u1ea5p 3 c\u00f3 gi\u00e1 th\u00e0nh r\u1ebb h\u01a1n r\u1ea5t nhi\u1ec1u, ph\u00f9 h\u1ee3p v\u1edbi t\u00fai ti\u1ec1n c\u1ee7a \u0111\u1ea1i \u0111a s\u1ed1 ng\u01b0\u1eddi ti\u00eau d\u00f9ng.<\/li>\n<li>\u0110\u00e2y l\u00e0 l\u1ef1a ch\u1ecdn l\u00fd t\u01b0\u1edfng cho sinh vi\u00ean, gia \u0111\u00ecnh tr\u1ebb ho\u1eb7c nh\u1eefng ai mu\u1ed1n ti\u1ebft ki\u1ec7m chi ph\u00ed.<\/li>\n<\/ul>\n<h5><strong>Tho\u00e1ng Kh\u00ed T\u1ed1t<\/strong><\/h5>\n<ul>\n<li>Ch\u1ea5t li\u1ec7u PE c\u00f3 \u0111\u1eb7c t\u00ednh tho\u00e1ng kh\u00ed, gi\u00fap l\u01b0u th\u00f4ng kh\u00f4ng kh\u00ed hi\u1ec7u qu\u1ea3, gi\u1ea3m c\u1ea3m gi\u00e1c n\u00f3ng b\u1ee9c khi n\u1eb1m.<\/li>\n<li>\u0110\u1eb7c bi\u1ec7t ph\u00f9 h\u1ee3p v\u1edbi kh\u00ed h\u1eadu nhi\u1ec7t \u0111\u1edbi n\u00f3ng \u1ea9m t\u1ea1i Vi\u1ec7t Nam.<\/li>\n<\/ul>\n<hr \/>\n<h4><strong>3. Nh\u1eefng \u01afu \u0110i\u1ec3m N\u1ed5i B\u1eadt C\u1ee7a N\u1ec7m PE G\u1ea5p 3<\/strong><\/h4>\n<h5><strong>Thi\u1ebft K\u1ebf Th\u00f4ng Minh, Ti\u1ec7n L\u1ee3i<\/strong><\/h5>\n<ul>\n<li><strong>G\u1ea5p g\u1ecdn d\u1ec5 d\u00e0ng<\/strong>: Ch\u1ec9 c\u1ea7n v\u00e0i thao t\u00e1c \u0111\u01a1n gi\u1ea3n, b\u1ea1n c\u00f3 th\u1ec3 g\u1ea5p n\u1ec7m th\u00e0nh 3 ph\u1ea7n v\u00e0 c\u1ea5t g\u1ecdn v\u00e0o g\u00f3c ph\u00f2ng ho\u1eb7c t\u1ee7 \u0111\u1ed3.<\/li>\n<li><strong>Nh\u1eb9 nh\u00e0ng, d\u1ec5 di chuy\u1ec3n<\/strong>: Tr\u1ecdng l\u01b0\u1ee3ng nh\u1eb9 gi\u00fap b\u1ea1n d\u1ec5 d\u00e0ng mang n\u1ec7m \u0111i b\u1ea5t c\u1ee9 \u0111\u00e2u, t\u1eeb ph\u00f2ng kh\u00e1ch \u0111\u1ebfn ban c\u00f4ng ho\u1eb7c th\u1eadm ch\u00ed mang theo khi \u0111i du l\u1ecbch.<\/li>\n<\/ul>\n<h5><strong>Ph\u00f9 H\u1ee3p V\u1edbi Nhi\u1ec1u \u0110\u1ed1i T\u01b0\u1ee3ng<\/strong><\/h5>\n<ul>\n<li>N\u1ec7m kh\u00f4ng qu\u00e1 m\u1ec1m c\u0169ng kh\u00f4ng qu\u00e1 c\u1ee9ng, mang l\u1ea1i c\u1ea3m gi\u00e1c tho\u1ea3i m\u00e1i cho m\u1ecdi \u0111\u1ed1i t\u01b0\u1ee3ng s\u1eed d\u1ee5ng.<\/li>\n<li>\u0110\u1eb7c bi\u1ec7t th\u00edch h\u1ee3p cho tr\u1ebb nh\u1ecf, ng\u01b0\u1eddi gi\u00e0 v\u00e0 nh\u1eefng ng\u01b0\u1eddi c\u00f3 v\u1ea5n \u0111\u1ec1 v\u1ec1 x\u01b0\u01a1ng kh\u1edbp.<\/li>\n<\/ul>\n<h5><strong>D\u1ec5 V\u1ec7 Sinh<\/strong><\/h5>\n<ul>\n<li>B\u1ec1 m\u1eb7t n\u1ec7m PE ph\u1eb3ng v\u00e0 nh\u1eb5n, d\u1ec5 d\u00e0ng lau ch\u00f9i v\u00e0 v\u1ec7 sinh.<\/li>\n<li>Kh\u00f4ng th\u1ea5m n\u01b0\u1edbc, gi\u00fap h\u1ea1n ch\u1ebf vi khu\u1ea9n v\u00e0 n\u1ea5m m\u1ed1c ph\u00e1t tri\u1ec3n.<\/li>\n<\/ul>\n<hr \/>\n<h4><strong>4. Nh\u01b0\u1ee3c \u0110i\u1ec3m C\u1ee7a N\u1ec7m PE G\u1ea5p 3<\/strong><\/h4>\n<h5><strong>Kh\u00f4ng \u00cam \u00c1i Nh\u01b0 C\u00e1c Lo\u1ea1i N\u1ec7m Cao C\u1ea5p<\/strong><\/h5>\n<ul>\n<li>Do \u0111\u1eb7c t\u00ednh ch\u1ea5t li\u1ec7u, n\u1ec7m kh\u00f4ng mang l\u1ea1i c\u1ea3m gi\u00e1c \u00eam \u00e1i nh\u01b0 n\u1ec7m cao su hay n\u1ec7m foam.<\/li>\n<li>Kh\u00f4ng ph\u00f9 h\u1ee3p v\u1edbi nh\u1eefng ng\u01b0\u1eddi y\u00eau th\u00edch s\u1ef1 m\u1ec1m m\u1ea1i.<\/li>\n<\/ul>\n<h5><strong>H\u1ea1n Ch\u1ebf V\u1ec1 \u0110\u1ed9 \u0110\u00e0n H\u1ed3i<\/strong><\/h5>\n<ul>\n<li>N\u1ec7m PE \u00edt \u0111\u00e0n h\u1ed3i h\u01a1n so v\u1edbi c\u00e1c lo\u1ea1i n\u1ec7m kh\u00e1c, c\u00f3 th\u1ec3 g\u00e2y kh\u00f3 ch\u1ecbu cho m\u1ed9t s\u1ed1 ng\u01b0\u1eddi d\u00f9ng.<\/li>\n<\/ul>\n<hr \/>\n<h4><strong>5. L\u00e0m Th\u1ebf N\u00e0o \u0110\u1ec3 Ch\u1ecdn N\u1ec7m PE G\u1ea5p 3 Ph\u00f9 H\u1ee3p?<\/strong><\/h4>\n<p>Khi ch\u1ecdn mua n\u1ec7m PE g\u1ea5p 3, h\u00e3y l\u01b0u \u00fd c\u00e1c y\u1ebfu t\u1ed1 sau:<\/p>\n<h5><strong>Ch\u1ea5t Li\u1ec7u<\/strong><\/h5>\n<ul>\n<li>\u01afu ti\u00ean c\u00e1c s\u1ea3n ph\u1ea9m \u0111\u01b0\u1ee3c l\u00e0m t\u1eeb\u00a0<strong>PE nguy\u00ean sinh<\/strong>, \u0111\u1ea3m b\u1ea3o \u0111\u1ed9 b\u1ec1n v\u00e0 an to\u00e0n cho s\u1ee9c kh\u1ecfe.<\/li>\n<\/ul>\n<h5><strong>\u0110\u1ed9 D\u00e0y<\/strong><\/h5>\n<ul>\n<li>N\u1ec7m PE g\u1ea5p 3 th\u01b0\u1eddng c\u00f3 \u0111\u1ed9 d\u00e0y t\u1eeb\u00a0<strong>5cm \u0111\u1ebfn 10cm<\/strong>. N\u1ebfu b\u1ea1n c\u1ea7n m\u1ed9t chi\u1ebfc n\u1ec7m cho gi\u01b0\u1eddng t\u1ea7ng ho\u1eb7c sofa, h\u00e3y ch\u1ecdn lo\u1ea1i m\u1ecfng h\u01a1n. Ng\u01b0\u1ee3c l\u1ea1i, n\u1ebfu s\u1eed d\u1ee5ng cho gi\u01b0\u1eddng ng\u1ee7 ch\u00ednh, h\u00e3y ch\u1ecdn lo\u1ea1i d\u00e0y h\u01a1n \u0111\u1ec3 t\u0103ng s\u1ef1 tho\u1ea3i m\u00e1i.<\/li>\n<\/ul>\n<h5><strong>Size<\/strong><\/h5>\n<ul>\n<li>Ch\u1ecdn k\u00edch th\u01b0\u1edbc ph\u00f9 h\u1ee3p v\u1edbi gi\u01b0\u1eddng c\u1ee7a b\u1ea1n. C\u00e1c k\u00edch th\u01b0\u1edbc ph\u1ed5 bi\u1ebfn bao g\u1ed3m: <strong>100x200cm, 120x200cm, 140x200cm, 160x200cm,\u00a0180x200cm.<\/strong><\/li>\n<\/ul>\n<hr \/>\n<h4><strong>6. N\u1ec7m PE G\u1ea5p 3 C\u00f3 Ph\u00f9 H\u1ee3p Cho Tr\u1ebb Em Kh\u00f4ng?<\/strong><\/h4>\n<p>\u0110\u00e2y l\u00e0 l\u1ef1a ch\u1ecdn an to\u00e0n v\u00e0 ph\u00f9 h\u1ee3p cho tr\u1ebb em nh\u1edd:<\/p>\n<ul>\n<li><strong>\u0110\u1ed9 c\u1ee9ng v\u1eeba ph\u1ea3i<\/strong>: H\u1ed7 tr\u1ee3 c\u1ed9t s\u1ed1ng \u0111ang ph\u00e1t tri\u1ec3n c\u1ee7a tr\u1ebb.<\/li>\n<li><strong>D\u1ec5 v\u1ec7 sinh<\/strong>: Kh\u00f4ng th\u1ea5m n\u01b0\u1edbc, h\u1ea1n ch\u1ebf vi khu\u1ea9n t\u00edch t\u1ee5.<\/li>\n<li><strong>Gi\u00e1 th\u00e0nh h\u1ee3p l\u00fd<\/strong>: Ti\u1ebft ki\u1ec7m chi ph\u00ed khi tr\u1ebb l\u1edbn l\u00ean v\u00e0 c\u1ea7n thay \u0111\u1ed5i n\u1ec7m.<\/li>\n<\/ul>\n<p>Tuy nhi\u00ean, h\u00e3y \u0111\u1ea3m b\u1ea3o r\u1eb1ng n\u1ec7m \u0111\u1ee7 d\u00e0y \u0111\u1ec3 tr\u00e1nh g\u00e2y kh\u00f3 ch\u1ecbu cho tr\u1ebb khi n\u1eb1m.<\/p>\n<hr \/>\n<h4><strong>7. Nh\u1eefng L\u01b0u \u00dd Khi S\u1eed D\u1ee5ng N\u1ec7m PE G\u1ea5p 3<\/strong><\/h4>\n<h5><strong>Regular Cleaning<\/strong><\/h5>\n<ul>\n<li>Lau ch\u00f9i b\u1ec1 m\u1eb7t n\u1ec7m b\u1eb1ng v\u1ea3i \u1ea9m v\u00e0 ch\u1ea5t t\u1ea9y r\u1eeda nh\u1eb9.<\/li>\n<li>Tr\u00e1nh ph\u01a1i n\u1ec7m tr\u1ef1c ti\u1ebfp d\u01b0\u1edbi \u00e1nh n\u1eafng gay g\u1eaft \u0111\u1ec3 kh\u00f4ng l\u00e0m h\u1ecfng ch\u1ea5t li\u1ec7u.<\/li>\n<\/ul>\n<h5><strong>B\u1ea3o Qu\u1ea3n \u0110\u00fang C\u00e1ch<\/strong><\/h5>\n<ul>\n<li>\u0110\u1eb7t n\u1ec7m tr\u00ean b\u1ec1 m\u1eb7t ph\u1eb3ng v\u00e0 v\u1eefng ch\u1eafc \u0111\u1ec3 tr\u00e1nh cong v\u00eanh.<\/li>\n<li>S\u1eed d\u1ee5ng ga tr\u1ea3i n\u1ec7m \u0111\u1ec3 b\u1ea3o v\u1ec7 b\u1ec1 m\u1eb7t v\u00e0 t\u0103ng t\u00ednh th\u1ea9m m\u1ef9.<\/li>\n<\/ul>\n<h5><strong>Kh\u00f4ng \u0110\u1eb7t N\u1eb7ng L\u00ean N\u1ec7m<\/strong><\/h5>\n<ul>\n<li>Tr\u00e1nh \u0111\u1eb7t v\u1eadt n\u1eb7ng l\u00ean n\u1ec7m trong th\u1eddi gian d\u00e0i \u0111\u1ec3 kh\u00f4ng l\u00e0m bi\u1ebfn d\u1ea1ng s\u1ea3n ph\u1ea9m.<\/li>\n<\/ul>\n<hr \/>\n<h4><strong>8. T\u1ea1i Sao N\u00ean Ch\u1ecdn N\u1ec7m PE G\u1ea5p 3?<\/strong><\/h4>\n<p>N\u1ec7m PE g\u1ea5p 3 kh\u00f4ng ch\u1ec9 l\u00e0 m\u1ed9t s\u1ea3n ph\u1ea9m ti\u1ebft ki\u1ec7m m\u00e0 c\u00f2n mang l\u1ea1i nhi\u1ec1u l\u1ee3i \u00edch v\u01b0\u1ee3t tr\u1ed9i:<\/p>\n<ul>\n<li><strong>Gi\u1ea3i ph\u00e1p kinh t\u1ebf<\/strong>: Gi\u00e1 th\u00e0nh h\u1ee3p l\u00fd, ph\u00f9 h\u1ee3p v\u1edbi m\u1ecdi gia \u0111\u00ecnh.<\/li>\n<li><strong>Ti\u1ebft ki\u1ec7m kh\u00f4ng gian<\/strong>: Thi\u1ebft k\u1ebf g\u1ea5p g\u1ecdn gi\u00fap t\u1ed1i \u01b0u h\u00f3a di\u1ec7n t\u00edch s\u1ed1ng.<\/li>\n<li><strong>Tho\u1ea3i m\u00e1i v\u00e0 tho\u00e1ng kh\u00ed<\/strong>: Gi\u00fap b\u1ea1n c\u00f3 gi\u1ea5c ng\u1ee7 ngon v\u00e0 s\u00e2u h\u01a1n.<\/li>\n<li><strong>An to\u00e0n cho s\u1ee9c kh\u1ecfe<\/strong>: Kh\u00f4ng ch\u1ee9a h\u00f3a ch\u1ea5t \u0111\u1ed9c h\u1ea1i, th\u00e2n thi\u1ec7n v\u1edbi m\u00f4i tr\u01b0\u1eddng.<\/li>\n<\/ul>\n<hr \/>\n<h4><strong>9. Th\u00f4ng Tin Li\u00ean H\u1ec7 v\u00e0 Mua H\u00e0ng<\/strong><\/h4>\n<p>\u0110\u1ec3 t\u00ecm hi\u1ec3u th\u00eam v\u1ec1 nhi\u1ec1u s\u1ea3n ph\u1ea9m\u00a0v\u00e0 \u0111\u01b0\u1ee3c t\u01b0 v\u1ea5n chi ti\u1ebft, vui l\u00f2ng li\u00ean h\u1ec7 v\u1edbi ch\u00fang t\u00f4i qua website\u00a0<strong><a href=\"http:\/\/nemtanthangphu.com\/en\/\" target=\"_blank\" rel=\"noopener noreferrer\">nemtanthangphu.com<\/a><\/strong>. Ch\u00fang t\u00f4i cam k\u1ebft mang \u0111\u1ebfn cho b\u1ea1n nh\u1eefng s\u1ea3n ph\u1ea9m ch\u1ea5t l\u01b0\u1ee3ng cao, d\u1ecbch v\u1ee5 kh\u00e1ch h\u00e0ng chuy\u00ean nghi\u1ec7p v\u00e0 tr\u1ea3i nghi\u1ec7m mua s\u1eafm tuy\u1ec7t v\u1eddi nh\u1ea5t.<\/p>\n<hr \/>\n<h4><strong>Conclude<\/strong><\/h4>\n<p><strong>N\u1ec7m PE g\u1ea5p 3<\/strong>\u00a0l\u00e0 s\u1ef1 l\u1ef1a ch\u1ecdn ho\u00e0n h\u1ea3o cho nh\u1eefng ai \u0111ang t\u00ecm ki\u1ebfm m\u1ed9t s\u1ea3n ph\u1ea9m\u00a0<strong>gi\u00e1 r\u1ebb<\/strong>,\u00a0<strong>b\u1ec1n b\u1ec9<\/strong>,\u00a0<strong>tho\u00e1ng kh\u00ed<\/strong>\u00a0v\u00e0\u00a0<strong>ti\u1ebft ki\u1ec7m kh\u00f4ng gian<\/strong>. V\u1edbi thi\u1ebft k\u1ebf th\u00f4ng minh, gi\u00e1 r\u1ebb v\u00e0 ti\u1ec7n l\u1ee3i.<\/p>","protected":false},"excerpt":{"rendered":"<p>N\u1ec7m PE G\u1ea5p 3: Gi\u1ea3i Ph\u00e1p Ti\u1ebft Ki\u1ec7m, Tho\u1ea3i M\u00e1i Cho M\u1ecdi Gia \u0110\u00ecnh Trong cu\u1ed9c s\u1ed1ng hi\u1ec7n \u0111\u1ea1i, kh\u00f4ng gian s\u1ed1ng ng\u00e0y c\u00e0ng tr\u1edf n\u00ean qu\u00fd gi\u00e1. Vi\u1ec7c l\u1ef1a ch\u1ecdn m\u1ed9t chi\u1ebfc n\u1ec7m v\u1eeba tho\u1ea3i m\u00e1i, v\u1eeba ti\u1ebft ki\u1ec7m kh\u00f4ng gian l\u00e0 \u0111i\u1ec1u m\u00e0 nhi\u1ec1u gia \u0111\u00ecnh quan t\u00e2m.\u00a0N\u1ec7m PE g\u1ea5p 3\u00a0\u2013 d\u00f2ng s\u1ea3n [&hellip;]<\/p>","protected":false},"featured_media":3389,"comment_status":"open","ping_status":"closed","template":"","meta":[],"product_cat":[28,20,25],"product_tag":[4701,14245,14249,14250,14258],"class_list":{"0":"post-3370","1":"product","2":"type-product","3":"status-publish","4":"has-post-thumbnail","6":"product_cat-nem","7":"product_cat-nem-lo-xo-tui-cao-cap","8":"product_cat-nem-massage","9":"product_tag-nem","10":"product_tag-nem-thoang-khi","11":"product_tag-nem-gia-re","12":"product_tag-nem-re","13":"product_tag-nem-pe","15":"first","16":"instock","17":"sale","18":"shipping-taxable","19":"purchasable","20":"product-type-variable"},"yoast_head":"<!-- This site is optimized with the Yoast SEO Premium plugin v24.8 (Yoast SEO v24.8) - https:\/\/yoast.com\/wordpress\/plugins\/seo\/ -->\n<title>N\u1ec7m PE G\u1ea5p 3: Gi\u1ea3i Ph\u00e1p Ti\u1ebft Ki\u1ec7m, Tho\u1ea3i M\u00e1i Cho M\u1ecdi Gia \u0110\u00ecnh<\/title>\n<meta name=\"description\" content=\"Kh\u00e1m ph\u00e1 ngay n\u1ec7m PE g\u1ea5p 3 v\u1edbi thi\u1ebft k\u1ebf th\u00f4ng minh, ti\u1ebft ki\u1ec7m kh\u00f4ng gian v\u00e0 gi\u00e1 th\u00e0nh h\u1ee3p l\u00fd. S\u1ea3n ph\u1ea9m gi\u00e1 r\u1ebb, tho\u00e1ng kh\u00ed, ph\u00f9 h\u1ee3p cho m\u1ecdi gia \u0111\u00ecnh.\" \/>\n<meta name=\"robots\" content=\"index, follow, max-snippet:-1, max-image-preview:large, max-video-preview:-1\" \/>\n<link rel=\"canonical\" href=\"https:\/\/nemtanthangphu.com\/en\/product\/nem-pe-gap-3-giai-phap-tiet-kiem-thoai-mai-cho-moi-gia-dinh\/\" \/>\n<meta property=\"og:locale\" content=\"en_US\" \/>\n<meta property=\"og:type\" content=\"article\" \/>\n<meta property=\"og:title\" content=\"N\u1ec7m PE G\u1ea5p 3: Gi\u1ea3i Ph\u00e1p Ti\u1ebft Ki\u1ec7m, Tho\u1ea3i M\u00e1i Cho M\u1ecdi Gia \u0110\u00ecnh\" \/>\n<meta property=\"og:description\" content=\"Kh\u00e1m ph\u00e1 ngay n\u1ec7m PE g\u1ea5p 3 v\u1edbi thi\u1ebft k\u1ebf th\u00f4ng minh, ti\u1ebft ki\u1ec7m kh\u00f4ng gian v\u00e0 gi\u00e1 th\u00e0nh h\u1ee3p l\u00fd. S\u1ea3n ph\u1ea9m gi\u00e1 r\u1ebb, tho\u00e1ng kh\u00ed, ph\u00f9 h\u1ee3p cho m\u1ecdi gia \u0111\u00ecnh.\" \/>\n<meta property=\"og:url\" content=\"https:\/\/nemtanthangphu.com\/en\/product\/nem-pe-gap-3-giai-phap-tiet-kiem-thoai-mai-cho-moi-gia-dinh\/\" \/>\n<meta property=\"og:site_name\" content=\"N\u1ec7m T\u00e2n Th\u0103ng Ph\u00fa\" \/>\n<meta property=\"article:publisher\" content=\"https:\/\/www.facebook.com\/nemtanthanngphu.tapus\" \/>\n<meta property=\"article:modified_time\" content=\"2026-05-06T00:11:53+00:00\" \/>\n<meta property=\"og:image\" content=\"https:\/\/nemtanthangphu.com\/wp-content\/uploads\/2025\/02\/Untitled-Project-5-1.jpg\" \/>\n\t<meta property=\"og:image:width\" content=\"1000\" \/>\n\t<meta property=\"og:image:height\" content=\"1000\" \/>\n\t<meta property=\"og:image:type\" content=\"image\/jpeg\" \/>\n<meta name=\"twitter:card\" content=\"summary_large_image\" \/>\n<meta name=\"twitter:label1\" content=\"Est. reading time\" \/>\n\t<meta name=\"twitter:data1\" content=\"7 minutes\" \/>\n<script type=\"application\/ld+json\" class=\"yoast-schema-graph\">{\"@context\":\"https:\/\/schema.org\",\"@graph\":[{\"@type\":\"WebPage\",\"@id\":\"https:\/\/nemtanthangphu.com\/san-pham\/nem-pe-gap-3-giai-phap-tiet-kiem-thoai-mai-cho-moi-gia-dinh\/\",\"url\":\"https:\/\/nemtanthangphu.com\/san-pham\/nem-pe-gap-3-giai-phap-tiet-kiem-thoai-mai-cho-moi-gia-dinh\/\",\"name\":\"N\u1ec7m PE G\u1ea5p 3: Gi\u1ea3i Ph\u00e1p Ti\u1ebft Ki\u1ec7m, Tho\u1ea3i M\u00e1i Cho M\u1ecdi Gia \u0110\u00ecnh\",\"isPartOf\":{\"@id\":\"https:\/\/nemtanthangphu.com\/#website\"},\"primaryImageOfPage\":{\"@id\":\"https:\/\/nemtanthangphu.com\/san-pham\/nem-pe-gap-3-giai-phap-tiet-kiem-thoai-mai-cho-moi-gia-dinh\/#primaryimage\"},\"image\":{\"@id\":\"https:\/\/nemtanthangphu.com\/san-pham\/nem-pe-gap-3-giai-phap-tiet-kiem-thoai-mai-cho-moi-gia-dinh\/#primaryimage\"},\"thumbnailUrl\":\"https:\/\/nemtanthangphu.com\/wp-content\/uploads\/2025\/02\/Untitled-Project-5-1.jpg\",\"datePublished\":\"2025-02-13T07:05:15+00:00\",\"dateModified\":\"2026-05-06T00:11:53+00:00\",\"description\":\"Kh\u00e1m ph\u00e1 ngay n\u1ec7m PE g\u1ea5p 3 v\u1edbi thi\u1ebft k\u1ebf th\u00f4ng minh, ti\u1ebft ki\u1ec7m kh\u00f4ng gian v\u00e0 gi\u00e1 th\u00e0nh h\u1ee3p l\u00fd. S\u1ea3n ph\u1ea9m gi\u00e1 r\u1ebb, tho\u00e1ng kh\u00ed, ph\u00f9 h\u1ee3p cho m\u1ecdi gia \u0111\u00ecnh.\",\"breadcrumb\":{\"@id\":\"https:\/\/nemtanthangphu.com\/san-pham\/nem-pe-gap-3-giai-phap-tiet-kiem-thoai-mai-cho-moi-gia-dinh\/#breadcrumb\"},\"inLanguage\":\"en-US\",\"potentialAction\":[{\"@type\":\"ReadAction\",\"target\":[\"https:\/\/nemtanthangphu.com\/san-pham\/nem-pe-gap-3-giai-phap-tiet-kiem-thoai-mai-cho-moi-gia-dinh\/\"]}]},{\"@type\":\"ImageObject\",\"inLanguage\":\"en-US\",\"@id\":\"https:\/\/nemtanthangphu.com\/san-pham\/nem-pe-gap-3-giai-phap-tiet-kiem-thoai-mai-cho-moi-gia-dinh\/#primaryimage\",\"url\":\"https:\/\/nemtanthangphu.com\/wp-content\/uploads\/2025\/02\/Untitled-Project-5-1.jpg\",\"contentUrl\":\"https:\/\/nemtanthangphu.com\/wp-content\/uploads\/2025\/02\/Untitled-Project-5-1.jpg\",\"width\":1000,\"height\":1000},{\"@type\":\"BreadcrumbList\",\"@id\":\"https:\/\/nemtanthangphu.com\/san-pham\/nem-pe-gap-3-giai-phap-tiet-kiem-thoai-mai-cho-moi-gia-dinh\/#breadcrumb\",\"itemListElement\":[{\"@type\":\"ListItem\",\"position\":1,\"name\":\"Home\",\"item\":\"https:\/\/nemtanthangphu.com\/\"},{\"@type\":\"ListItem\",\"position\":2,\"name\":\"S\u1ea3n ph\u1ea9m\",\"item\":\"https:\/\/nemtanthangphu.com\/en\/san-pham\/\"},{\"@type\":\"ListItem\",\"position\":3,\"name\":\"N\u1ec7m PE G\u1ea5p 3: Gi\u1ea3i Ph\u00e1p Ti\u1ebft Ki\u1ec7m, Tho\u1ea3i M\u00e1i Cho M\u1ecdi Gia \u0110\u00ecnh\"}]},{\"@type\":\"WebSite\",\"@id\":\"https:\/\/nemtanthangphu.com\/#website\",\"url\":\"https:\/\/nemtanthangphu.com\/\",\"name\":\"N\u1ec7m T\u00e2n Th\u0103ng Ph\u00fa\",\"description\":\"All the best for your life\",\"publisher\":{\"@id\":\"https:\/\/nemtanthangphu.com\/#organization\"},\"potentialAction\":[{\"@type\":\"SearchAction\",\"target\":{\"@type\":\"EntryPoint\",\"urlTemplate\":\"https:\/\/nemtanthangphu.com\/?s={search_term_string}\"},\"query-input\":{\"@type\":\"PropertyValueSpecification\",\"valueRequired\":true,\"valueName\":\"search_term_string\"}}],\"inLanguage\":\"en-US\"},{\"@type\":\"Organization\",\"@id\":\"https:\/\/nemtanthangphu.com\/#organization\",\"name\":\"N\u1ec7m T\u00e2n Th\u0103ng Ph\u00fa\",\"url\":\"https:\/\/nemtanthangphu.com\/\",\"logo\":{\"@type\":\"ImageObject\",\"inLanguage\":\"en-US\",\"@id\":\"https:\/\/nemtanthangphu.com\/#\/schema\/logo\/image\/\",\"url\":\"https:\/\/nemtanthangphu.com\/wp-content\/uploads\/2024\/12\/logo_02_nem_tang_phu.png\",\"contentUrl\":\"https:\/\/nemtanthangphu.com\/wp-content\/uploads\/2024\/12\/logo_02_nem_tang_phu.png\",\"width\":500,\"height\":500,\"caption\":\"N\u1ec7m T\u00e2n Th\u0103ng Ph\u00fa\"},\"image\":{\"@id\":\"https:\/\/nemtanthangphu.com\/#\/schema\/logo\/image\/\"},\"sameAs\":[\"https:\/\/www.facebook.com\/nemtanthanngphu.tapus\"]}]}<\/script>\n<!-- \/ Yoast SEO Premium plugin. -->","yoast_head_json":{"title":"N\u1ec7m PE G\u1ea5p 3: Gi\u1ea3i Ph\u00e1p Ti\u1ebft Ki\u1ec7m, Tho\u1ea3i M\u00e1i Cho M\u1ecdi Gia \u0110\u00ecnh","description":"Kh\u00e1m ph\u00e1 ngay n\u1ec7m PE g\u1ea5p 3 v\u1edbi thi\u1ebft k\u1ebf th\u00f4ng minh, ti\u1ebft ki\u1ec7m kh\u00f4ng gian v\u00e0 gi\u00e1 th\u00e0nh h\u1ee3p l\u00fd. S\u1ea3n ph\u1ea9m gi\u00e1 r\u1ebb, tho\u00e1ng kh\u00ed, ph\u00f9 h\u1ee3p cho m\u1ecdi gia \u0111\u00ecnh.","robots":{"index":"index","follow":"follow","max-snippet":"max-snippet:-1","max-image-preview":"max-image-preview:large","max-video-preview":"max-video-preview:-1"},"canonical":"https:\/\/nemtanthangphu.com\/en\/product\/nem-pe-gap-3-giai-phap-tiet-kiem-thoai-mai-cho-moi-gia-dinh\/","og_locale":"en_US","og_type":"article","og_title":"N\u1ec7m PE G\u1ea5p 3: Gi\u1ea3i Ph\u00e1p Ti\u1ebft Ki\u1ec7m, Tho\u1ea3i M\u00e1i Cho M\u1ecdi Gia \u0110\u00ecnh","og_description":"Kh\u00e1m ph\u00e1 ngay n\u1ec7m PE g\u1ea5p 3 v\u1edbi thi\u1ebft k\u1ebf th\u00f4ng minh, ti\u1ebft ki\u1ec7m kh\u00f4ng gian v\u00e0 gi\u00e1 th\u00e0nh h\u1ee3p l\u00fd. S\u1ea3n ph\u1ea9m gi\u00e1 r\u1ebb, tho\u00e1ng kh\u00ed, ph\u00f9 h\u1ee3p cho m\u1ecdi gia \u0111\u00ecnh.","og_url":"https:\/\/nemtanthangphu.com\/en\/product\/nem-pe-gap-3-giai-phap-tiet-kiem-thoai-mai-cho-moi-gia-dinh\/","og_site_name":"N\u1ec7m T\u00e2n Th\u0103ng Ph\u00fa","article_publisher":"https:\/\/www.facebook.com\/nemtanthanngphu.tapus","article_modified_time":"2026-05-06T00:11:53+00:00","og_image":[{"width":1000,"height":1000,"url":"https:\/\/nemtanthangphu.com\/wp-content\/uploads\/2025\/02\/Untitled-Project-5-1.jpg","type":"image\/jpeg"}],"twitter_card":"summary_large_image","twitter_misc":{"Est. reading time":"7 minutes"},"schema":{"@context":"https:\/\/schema.org","@graph":[{"@type":"WebPage","@id":"https:\/\/nemtanthangphu.com\/san-pham\/nem-pe-gap-3-giai-phap-tiet-kiem-thoai-mai-cho-moi-gia-dinh\/","url":"https:\/\/nemtanthangphu.com\/san-pham\/nem-pe-gap-3-giai-phap-tiet-kiem-thoai-mai-cho-moi-gia-dinh\/","name":"N\u1ec7m PE G\u1ea5p 3: Gi\u1ea3i Ph\u00e1p Ti\u1ebft Ki\u1ec7m, Tho\u1ea3i M\u00e1i Cho M\u1ecdi Gia \u0110\u00ecnh","isPartOf":{"@id":"https:\/\/nemtanthangphu.com\/#website"},"primaryImageOfPage":{"@id":"https:\/\/nemtanthangphu.com\/san-pham\/nem-pe-gap-3-giai-phap-tiet-kiem-thoai-mai-cho-moi-gia-dinh\/#primaryimage"},"image":{"@id":"https:\/\/nemtanthangphu.com\/san-pham\/nem-pe-gap-3-giai-phap-tiet-kiem-thoai-mai-cho-moi-gia-dinh\/#primaryimage"},"thumbnailUrl":"https:\/\/nemtanthangphu.com\/wp-content\/uploads\/2025\/02\/Untitled-Project-5-1.jpg","datePublished":"2025-02-13T07:05:15+00:00","dateModified":"2026-05-06T00:11:53+00:00","description":"Kh\u00e1m ph\u00e1 ngay n\u1ec7m PE g\u1ea5p 3 v\u1edbi thi\u1ebft k\u1ebf th\u00f4ng minh, ti\u1ebft ki\u1ec7m kh\u00f4ng gian v\u00e0 gi\u00e1 th\u00e0nh h\u1ee3p l\u00fd. S\u1ea3n ph\u1ea9m gi\u00e1 r\u1ebb, tho\u00e1ng kh\u00ed, ph\u00f9 h\u1ee3p cho m\u1ecdi gia \u0111\u00ecnh.","breadcrumb":{"@id":"https:\/\/nemtanthangphu.com\/san-pham\/nem-pe-gap-3-giai-phap-tiet-kiem-thoai-mai-cho-moi-gia-dinh\/#breadcrumb"},"inLanguage":"en-US","potentialAction":[{"@type":"ReadAction","target":["https:\/\/nemtanthangphu.com\/san-pham\/nem-pe-gap-3-giai-phap-tiet-kiem-thoai-mai-cho-moi-gia-dinh\/"]}]},{"@type":"ImageObject","inLanguage":"en-US","@id":"https:\/\/nemtanthangphu.com\/san-pham\/nem-pe-gap-3-giai-phap-tiet-kiem-thoai-mai-cho-moi-gia-dinh\/#primaryimage","url":"https:\/\/nemtanthangphu.com\/wp-content\/uploads\/2025\/02\/Untitled-Project-5-1.jpg","contentUrl":"https:\/\/nemtanthangphu.com\/wp-content\/uploads\/2025\/02\/Untitled-Project-5-1.jpg","width":1000,"height":1000},{"@type":"BreadcrumbList","@id":"https:\/\/nemtanthangphu.com\/san-pham\/nem-pe-gap-3-giai-phap-tiet-kiem-thoai-mai-cho-moi-gia-dinh\/#breadcrumb","itemListElement":[{"@type":"ListItem","position":1,"name":"Home","item":"https:\/\/nemtanthangphu.com\/"},{"@type":"ListItem","position":2,"name":"S\u1ea3n ph\u1ea9m","item":"https:\/\/nemtanthangphu.com\/en\/san-pham\/"},{"@type":"ListItem","position":3,"name":"N\u1ec7m PE G\u1ea5p 3: Gi\u1ea3i Ph\u00e1p Ti\u1ebft Ki\u1ec7m, Tho\u1ea3i M\u00e1i Cho M\u1ecdi Gia \u0110\u00ecnh"}]},{"@type":"WebSite","@id":"https:\/\/nemtanthangphu.com\/#website","url":"https:\/\/nemtanthangphu.com\/","name":"N\u1ec7m T\u00e2n Th\u0103ng Ph\u00fa","description":"All the best for your life","publisher":{"@id":"https:\/\/nemtanthangphu.com\/#organization"},"potentialAction":[{"@type":"SearchAction","target":{"@type":"EntryPoint","urlTemplate":"https:\/\/nemtanthangphu.com\/?s={search_term_string}"},"query-input":{"@type":"PropertyValueSpecification","valueRequired":true,"valueName":"search_term_string"}}],"inLanguage":"en-US"},{"@type":"Organization","@id":"https:\/\/nemtanthangphu.com\/#organization","name":"N\u1ec7m T\u00e2n Th\u0103ng Ph\u00fa","url":"https:\/\/nemtanthangphu.com\/","logo":{"@type":"ImageObject","inLanguage":"en-US","@id":"https:\/\/nemtanthangphu.com\/#\/schema\/logo\/image\/","url":"https:\/\/nemtanthangphu.com\/wp-content\/uploads\/2024\/12\/logo_02_nem_tang_phu.png","contentUrl":"https:\/\/nemtanthangphu.com\/wp-content\/uploads\/2024\/12\/logo_02_nem_tang_phu.png","width":500,"height":500,"caption":"N\u1ec7m T\u00e2n Th\u0103ng Ph\u00fa"},"image":{"@id":"https:\/\/nemtanthangphu.com\/#\/schema\/logo\/image\/"},"sameAs":["https:\/\/www.facebook.com\/nemtanthanngphu.tapus"]}]}},"acf":[],"_links":{"self":[{"href":"https:\/\/nemtanthangphu.com\/en\/wp-json\/wp\/v2\/product\/3370","targetHints":{"allow":["GET"]}}],"collection":[{"href":"https:\/\/nemtanthangphu.com\/en\/wp-json\/wp\/v2\/product"}],"about":[{"href":"https:\/\/nemtanthangphu.com\/en\/wp-json\/wp\/v2\/types\/product"}],"replies":[{"embeddable":true,"href":"https:\/\/nemtanthangphu.com\/en\/wp-json\/wp\/v2\/comments?post=3370"}],"wp:featuredmedia":[{"embeddable":true,"href":"https:\/\/nemtanthangphu.com\/en\/wp-json\/wp\/v2\/media\/3389"}],"wp:attachment":[{"href":"https:\/\/nemtanthangphu.com\/en\/wp-json\/wp\/v2\/media?parent=3370"}],"wp:term":[{"taxonomy":"product_cat","embeddable":true,"href":"https:\/\/nemtanthangphu.com\/en\/wp-json\/wp\/v2\/product_cat?post=3370"},{"taxonomy":"product_tag","embeddable":true,"href":"https:\/\/nemtanthangphu.com\/en\/wp-json\/wp\/v2\/product_tag?post=3370"}],"curies":[{"name":"wp","href":"https:\/\/api.w.org\/{rel}","templated":true}]}}