{"id":3409,"date":"2025-02-14T09:42:12","date_gmt":"2025-02-14T02:42:12","guid":{"rendered":"https:\/\/nemtangthangphu.123websitedev.com\/?post_type=product&#038;p=3409"},"modified":"2026-05-06T02:15:18","modified_gmt":"2026-05-05T19:15:18","slug":"nem-bong-ep-gap-3-giac-ngu-em-ai-tien-loi-gia-tot","status":"publish","type":"product","link":"https:\/\/nemtanthangphu.com\/en\/product\/nem-bong-ep-gap-3-giac-ngu-em-ai-tien-loi-gia-tot\/","title":{"rendered":"N\u1ec7m B\u00f4ng \u00c9p G\u1ea5p 3 &#8211; Gi\u1ea5c Ng\u1ee7 \u00cam \u00c1i, Ti\u1ec7n L\u1ee3i, Gi\u00e1 T\u1ed1t"},"content":{"rendered":"<h1><strong>N\u1ec7m B\u00f4ng \u00c9p G\u1ea5p 3: Gi\u1ea3i Ph\u00e1p Ti\u1ebft Ki\u1ec7m, Ti\u1ec7n L\u1ee3i Cho M\u1ecdi Gia \u0110\u00ecnh<\/strong><\/h1>\n<p>Trong cu\u1ed9c s\u1ed1ng hi\u1ec7n \u0111\u1ea1i, nhi\u1ec1u gia \u0111\u00ecnh \u01b0u ti\u00ean l\u1ef1a ch\u1ecdn nh\u1eefng s\u1ea3n ph\u1ea9m n\u1ed9i th\u1ea5t v\u1eeba ti\u1ec7n d\u1ee5ng, v\u1eeba ti\u1ebft ki\u1ec7m kh\u00f4ng gian.\u00a0<strong>N\u1ec7m b\u00f4ng \u00e9p g\u1ea5p 3<\/strong>\u00a0l\u00e0 m\u1ed9t trong nh\u1eefng l\u1ef1a ch\u1ecdn h\u00e0ng \u0111\u1ea7u nh\u1edd v\u00e0o thi\u1ebft k\u1ebf th\u00f4ng minh, \u0111\u1ed9 b\u1ec1n cao v\u00e0 m\u1ee9c gi\u00e1 h\u1ee3p l\u00fd. \u0110\u00e2y l\u00e0 s\u1ea3n ph\u1ea9m ph\u00f9 h\u1ee3p v\u1edbi nhi\u1ec1u \u0111\u1ed1i t\u01b0\u1ee3ng, t\u1eeb sinh vi\u00ean, ng\u01b0\u1eddi \u0111i l\u00e0m \u0111\u1ebfn c\u00e1c gia \u0111\u00ecnh c\u00f3 di\u1ec7n t\u00edch s\u1ed1ng h\u1ea1n ch\u1ebf. H\u00e3y c\u00f9ng kh\u00e1m ph\u00e1 nh\u1eefng \u01b0u \u0111i\u1ec3m c\u1ee7a d\u00f2ng n\u1ec7m n\u00e0y qua b\u00e0i vi\u1ebft d\u01b0\u1edbi \u0111\u00e2y!<\/p>\n<hr \/>\n<h4><strong>1. N\u1ec7m B\u00f4ng \u00c9p G\u1ea5p 3 L\u00e0 G\u00ec?<\/strong><\/h4>\n<p><strong>N\u1ec7m b\u00f4ng \u00e9p g\u1ea5p 3<\/strong>\u00a0l\u00e0 lo\u1ea1i n\u1ec7m \u0111\u01b0\u1ee3c l\u00e0m t\u1eeb s\u1ee3i b\u00f4ng t\u1ed5ng h\u1ee3p, \u00e9p ch\u1eb7t d\u01b0\u1edbi nhi\u1ec7t \u0111\u1ed9 cao \u0111\u1ec3 t\u1ea1o th\u00e0nh kh\u1ed1i v\u1eefng ch\u1eafc. Lo\u1ea1i n\u1ec7m n\u00e0y c\u00f3 \u0111\u1ed9 c\u1ee9ng v\u1eeba ph\u1ea3i, gi\u00fap n\u00e2ng \u0111\u1ee1 c\u01a1 th\u1ec3 t\u1ed1t v\u00e0 h\u1ea1n ch\u1ebf t\u00ecnh tr\u1ea1ng \u0111au l\u01b0ng khi ng\u1ee7. \u0110\u1eb7c bi\u1ec7t, thi\u1ebft k\u1ebf\u00a0<strong>g\u1ea5p 3 ph\u1ea7n<\/strong>\u00a0gi\u00fap n\u1ec7m d\u1ec5 d\u00e0ng g\u1eadp g\u1ecdn, ti\u1ec7n l\u1ee3i khi s\u1eed d\u1ee5ng v\u00e0 c\u1ea5t gi\u1eef.<\/p>\n<p>N\u1ec7m b\u00f4ng \u00e9p c\u00f3 \u0111\u1ed9 b\u1ec1n cao, kh\u00f4ng b\u1ecb x\u1eb9p l\u00fan sau th\u1eddi gian d\u00e0i s\u1eed d\u1ee5ng. S\u1ea3n ph\u1ea9m n\u00e0y th\u01b0\u1eddng c\u00f3 l\u1edbp v\u1ecf b\u1ecdc b\u1eb1ng v\u1ea3i cotton ho\u1eb7c g\u1ea5m, gi\u00fap t\u0103ng \u0111\u1ed9 tho\u00e1ng kh\u00ed v\u00e0 b\u1ea3o v\u1ec7 n\u1ec7m kh\u1ecfi b\u1ee5i b\u1ea9n.<\/p>\n<hr \/>\n<h4><strong>2. T\u1ea1i Sao N\u00ean Ch\u1ecdn N\u1ec7m B\u00f4ng \u00c9p G\u1ea5p 3?<\/strong><\/h4>\n<h5><strong>2.1 Ti\u1ebft Ki\u1ec7m Kh\u00f4ng Gian<\/strong><\/h5>\n<ul>\n<li>N\u1ec7m c\u00f3 th\u1ec3\u00a0<strong>g\u1ea5p g\u1ecdn th\u00e0nh 3 ph\u1ea7n<\/strong>, gi\u00fap d\u1ec5 d\u00e0ng c\u1ea5t gi\u1eef khi kh\u00f4ng s\u1eed d\u1ee5ng.<\/li>\n<li>Ph\u00f9 h\u1ee3p v\u1edbi\u00a0<strong>c\u0103n h\u1ed9 nh\u1ecf, ph\u00f2ng tr\u1ecd<\/strong>\u00a0ho\u1eb7c gia \u0111\u00ecnh mu\u1ed1n t\u1ed1i \u01b0u di\u1ec7n t\u00edch.<\/li>\n<li>D\u1ec5 d\u00e0ng\u00a0<strong>di chuy\u1ec3n<\/strong>\u00a0v\u00e0 s\u1eafp x\u1ebfp linh ho\u1ea1t theo nhu c\u1ea7u.<\/li>\n<\/ul>\n<h5><strong>2.2 Gi\u00e1 Th\u00e0nh H\u1ee3p L\u00fd<\/strong><\/h5>\n<ul>\n<li>So v\u1edbi\u00a0<strong>n\u1ec7m cao su, n\u1ec7m l\u00f2 xo hay n\u1ec7m foam<\/strong>, n\u1ec7m b\u00f4ng \u00e9p c\u00f3 gi\u00e1 th\u00e0nh th\u1ea5p h\u01a1n.<\/li>\n<li>\u0110\u00e2y l\u00e0 l\u1ef1a ch\u1ecdn l\u00fd t\u01b0\u1edfng cho\u00a0<strong>sinh vi\u00ean, gia \u0111\u00ecnh tr\u1ebb ho\u1eb7c ng\u01b0\u1eddi c\u00f3 ng\u00e2n s\u00e1ch h\u1ea1n ch\u1ebf<\/strong>.<\/li>\n<\/ul>\n<h5><strong>2.3 H\u1ed7 Tr\u1ee3 C\u1ed9t S\u1ed1ng T\u1ed1t<\/strong><\/h5>\n<ul>\n<li>N\u1ec7m c\u00f3\u00a0<strong>\u0111\u1ed9 c\u1ee9ng v\u1eeba ph\u1ea3i<\/strong>, gi\u00fap n\u00e2ng \u0111\u1ee1 c\u01a1 th\u1ec3, h\u1ea1n ch\u1ebf \u0111au l\u01b0ng.<\/li>\n<li>Ph\u00f9 h\u1ee3p v\u1edbi\u00a0<strong>ng\u01b0\u1eddi cao tu\u1ed5i, ng\u01b0\u1eddi b\u1ecb \u0111au l\u01b0ng ho\u1eb7c tho\u00e1t v\u1ecb \u0111\u0129a \u0111\u1ec7m<\/strong>.<\/li>\n<\/ul>\n<h5><strong>2.4 Tho\u00e1ng Kh\u00ed, Kh\u00f4ng G\u00e2y H\u1ea7m N\u00f3ng<\/strong><\/h5>\n<ul>\n<li>S\u1ee3i b\u00f4ng \u00e9p c\u00f3 kh\u1ea3 n\u0103ng\u00a0<strong>l\u01b0u th\u00f4ng kh\u00f4ng kh\u00ed t\u1ed1t<\/strong>, gi\u00fap h\u1ea1n ch\u1ebf c\u1ea3m gi\u00e1c n\u00f3ng b\u1ee9c.<\/li>\n<li>Th\u00edch h\u1ee3p s\u1eed d\u1ee5ng trong\u00a0<strong>kh\u00ed h\u1eadu nhi\u1ec7t \u0111\u1edbi n\u00f3ng \u1ea9m nh\u01b0 Vi\u1ec7t Nam<\/strong>.<\/li>\n<\/ul>\n<hr \/>\n<h4><strong>3. Nh\u1eefng \u01afu \u0110i\u1ec3m N\u1ed5i B\u1eadt C\u1ee7a N\u1ec7m B\u00f4ng \u00c9p G\u1ea5p 3<\/strong><\/h4>\n<h5><strong>3.1 Thi\u1ebft K\u1ebf Th\u00f4ng Minh, D\u1ec5 D\u00e0ng S\u1eed D\u1ee5ng<\/strong><\/h5>\n<ul>\n<li>G\u1ea5p g\u1ecdn nhanh ch\u00f3ng, gi\u00fap\u00a0<strong>ti\u1ebft ki\u1ec7m di\u1ec7n t\u00edch t\u1ed1i \u0111a<\/strong>.<\/li>\n<li><strong>Tr\u1ecdng l\u01b0\u1ee3ng nh\u1eb9<\/strong>, d\u1ec5 d\u00e0ng di chuy\u1ec3n t\u1eeb ph\u00f2ng ng\u1ee7 \u0111\u1ebfn ph\u00f2ng kh\u00e1ch.<\/li>\n<\/ul>\n<h5><strong>3.2 Ph\u00f9 H\u1ee3p V\u1edbi M\u1ecdi \u0110\u1ed1i T\u01b0\u1ee3ng<\/strong><\/h5>\n<ul>\n<li>L\u1edbp n\u1ec7m kh\u00f4ng qu\u00e1 c\u1ee9ng nh\u01b0ng v\u1eabn \u0111\u1ee7 n\u00e2ng \u0111\u1ee1 c\u01a1 th\u1ec3.<\/li>\n<li>Th\u00edch h\u1ee3p cho\u00a0<strong>tr\u1ebb nh\u1ecf, ng\u01b0\u1eddi cao tu\u1ed5i v\u00e0 ng\u01b0\u1eddi c\u00f3 v\u1ea5n \u0111\u1ec1 v\u1ec1 x\u01b0\u01a1ng kh\u1edbp<\/strong>.<\/li>\n<\/ul>\n<h5><strong>3.3 D\u1ec5 V\u1ec7 Sinh, B\u1ea3o Qu\u1ea3n<\/strong><\/h5>\n<ul>\n<li>V\u1ecf n\u1ec7m c\u00f3 th\u1ec3\u00a0<strong>th\u00e1o r\u1eddi<\/strong>, thu\u1eadn ti\u1ec7n khi gi\u1eb7t gi\u0169.<\/li>\n<li>B\u1ec1 m\u1eb7t n\u1ec7m kh\u00f4ng th\u1ea5m n\u01b0\u1edbc, gi\u00fap\u00a0<strong>h\u1ea1n ch\u1ebf vi khu\u1ea9n v\u00e0 n\u1ea5m m\u1ed1c<\/strong>.<\/li>\n<\/ul>\n<hr \/>\n<h4><strong>4. Nh\u01b0\u1ee3c \u0110i\u1ec3m C\u1ee7a N\u1ec7m B\u00f4ng \u00c9p G\u1ea5p 3<\/strong><\/h4>\n<h5><strong>4.1 Kh\u00f4ng \u00cam \u00c1i Nh\u01b0 N\u1ec7m Cao Su Ho\u1eb7c Foam<\/strong><\/h5>\n<ul>\n<li>Do \u0111\u1eb7c t\u00ednh c\u1ee9ng c\u1ee7a b\u00f4ng \u00e9p, n\u1ec7m kh\u00f4ng mang l\u1ea1i c\u1ea3m gi\u00e1c m\u1ec1m m\u1ea1i nh\u01b0 c\u00e1c lo\u1ea1i n\u1ec7m cao c\u1ea5p.<\/li>\n<li>N\u1ebfu b\u1ea1n th\u00edch\u00a0<strong>n\u1ec7m \u00eam \u00e1i<\/strong>, c\u00f3 th\u1ec3 k\u1ebft h\u1ee3p v\u1edbi\u00a0<strong>topper n\u1ec7m<\/strong>\u00a0\u0111\u1ec3 t\u0103ng \u0111\u1ed9 \u00eam.<\/li>\n<\/ul>\n<h5><strong>4.2 \u0110\u1ed9 \u0110\u00e0n H\u1ed3i H\u1ea1n Ch\u1ebf<\/strong><\/h5>\n<ul>\n<li>N\u1ec7m b\u00f4ng \u00e9p kh\u00f4ng c\u00f3 \u0111\u1ed9 \u0111\u00e0n h\u1ed3i cao nh\u01b0 n\u1ec7m l\u00f2 xo.<\/li>\n<li>Sau th\u1eddi gian d\u00e0i s\u1eed d\u1ee5ng, b\u1ec1 m\u1eb7t n\u1ec7m c\u00f3 th\u1ec3 b\u1ecb x\u1eb9p nh\u1eb9.<\/li>\n<\/ul>\n<hr \/>\n<h4><strong>5. C\u00e1ch Ch\u1ecdn Mua N\u1ec7m B\u00f4ng \u00c9p G\u1ea5p 3 Ph\u00f9 H\u1ee3p<\/strong><\/h4>\n<h5><strong>5.1 Ch\u1ea5t Li\u1ec7u<\/strong><\/h5>\n<ul>\n<li>Ch\u1ecdn\u00a0<strong>n\u1ec7m ch\u1ea5t l\u01b0\u1ee3ng cao<\/strong>, c\u00f3 ch\u1ee9ng nh\u1eadn an to\u00e0n cho s\u1ee9c kh\u1ecfe.<\/li>\n<li>\u01afu ti\u00ean c\u00e1c th\u01b0\u01a1ng hi\u1ec7u uy t\u00edn \u0111\u1ec3 \u0111\u1ea3m b\u1ea3o \u0111\u1ed9 b\u1ec1n v\u00e0 ch\u1ea5t l\u01b0\u1ee3ng.<\/li>\n<\/ul>\n<h5><strong>5.2 \u0110\u1ed9 D\u00e0y<\/strong><\/h5>\n<ul>\n<li>N\u1ec7m\u00a0 th\u01b0\u1eddng c\u00f3 \u0111\u1ed9 d\u00e0y t\u1eeb 3<strong>cm \u0111\u1ebfn 15cm<\/strong>.<\/li>\n<li><strong>Lo\u1ea1i 3cm \u2013 7cm<\/strong>: Ph\u00f9 h\u1ee3p v\u1edbi\u00a0<strong>gi\u01b0\u1eddng t\u1ea7ng, sofa<\/strong>.<\/li>\n<li><strong>Lo\u1ea1i 9cm \u2013 15cm<\/strong>: Th\u00edch h\u1ee3p cho\u00a0<strong>gi\u01b0\u1eddng ng\u1ee7 ch\u00ednh<\/strong>, mang l\u1ea1i s\u1ef1 tho\u1ea3i m\u00e1i h\u01a1n.<\/li>\n<\/ul>\n<h5><strong>5.3 K\u00edch Th\u01b0\u1edbc<\/strong><\/h5>\n<ul>\n<li>Ch\u1ecdn k\u00edch th\u01b0\u1edbc ph\u00f9 h\u1ee3p v\u1edbi gi\u01b0\u1eddng:\u00a0<strong>100x200cm, 120x200cm, 140x200cm, 160x200cm, 180x200cm<\/strong>.<\/li>\n<\/ul>\n<hr \/>\n<h4><strong>6. N\u1ec7m B\u00f4ng \u00c9p G\u1ea5p 3 C\u00f3 Ph\u00f9 H\u1ee3p Cho Tr\u1ebb Em Kh\u00f4ng?<\/strong><\/h4>\n<ul>\n<li><strong>\u0110\u1ed9 c\u1ee9ng v\u1eeba ph\u1ea3i<\/strong>, gi\u00fap h\u1ed7 tr\u1ee3 c\u1ed9t s\u1ed1ng \u0111ang ph\u00e1t tri\u1ec3n c\u1ee7a tr\u1ebb.<\/li>\n<li>B\u1ec1 m\u1eb7t\u00a0<strong>d\u1ec5 v\u1ec7 sinh<\/strong>, h\u1ea1n ch\u1ebf vi khu\u1ea9n g\u00e2y h\u1ea1i.<\/li>\n<li><strong>Gi\u00e1 th\u00e0nh h\u1ee3p l\u00fd<\/strong>, d\u1ec5 d\u00e0ng thay \u0111\u1ed5i khi tr\u1ebb l\u1edbn.<\/li>\n<\/ul>\n<p>Tuy nhi\u00ean, n\u1ebfu tr\u1ebb c\u00f2n nh\u1ecf, n\u00ean ch\u1ecdn\u00a0<strong>n\u1ec7m c\u00f3 \u0111\u1ed9 d\u00e0y t\u1eeb 7cm tr\u1edf l\u00ean<\/strong>\u00a0\u0111\u1ec3 t\u1ea1o s\u1ef1 tho\u1ea3i m\u00e1i.<\/p>\n<hr \/>\n<h4><strong>7. L\u01b0u \u00dd Khi S\u1eed D\u1ee5ng N\u1ec7m B\u00f4ng \u00c9p G\u1ea5p 3<\/strong><\/h4>\n<h5><strong>7.1 V\u1ec7 Sinh \u0110\u1ecbnh K\u1ef3<\/strong><\/h5>\n<ul>\n<li><strong>Th\u00e1o v\u1ecf n\u1ec7m<\/strong>\u00a0v\u00e0 gi\u1eb7t s\u1ea1ch \u00edt nh\u1ea5t 1 l\u1ea7n\/th\u00e1ng.<\/li>\n<li>D\u00f9ng kh\u0103n \u1ea9m lau b\u1ec1 m\u1eb7t n\u1ec7m \u0111\u1ec3 lo\u1ea1i b\u1ecf b\u1ee5i b\u1ea9n.<\/li>\n<\/ul>\n<h5><strong>7.2 B\u1ea3o Qu\u1ea3n \u0110\u00fang C\u00e1ch<\/strong><\/h5>\n<ul>\n<li>\u0110\u1eb7t n\u1ec7m tr\u00ean\u00a0<strong>b\u1ec1 m\u1eb7t ph\u1eb3ng<\/strong>, tr\u00e1nh b\u1ecb cong v\u00eanh.<\/li>\n<li>H\u1ea1n ch\u1ebf \u0111\u1ec3 n\u1ec7m ti\u1ebfp x\u00fac v\u1edbi \u0111\u1ed9 \u1ea9m cao \u0111\u1ec3 tr\u00e1nh n\u1ea5m m\u1ed1c.<\/li>\n<\/ul>\n<h5><strong>7.3 Kh\u00f4ng \u0110\u1eb7t V\u1eadt N\u1eb7ng L\u00ean N\u1ec7m<\/strong><\/h5>\n<ul>\n<li>Tr\u00e1nh \u0111\u1eb7t v\u1eadt qu\u00e1 n\u1eb7ng l\u00ean n\u1ec7m trong th\u1eddi gian d\u00e0i \u0111\u1ec3 duy tr\u00ec \u0111\u1ed9 b\u1ec1n.<\/li>\n<\/ul>\n<hr \/>\n<h4><strong>8. T\u1ea1i Sao N\u00ean Ch\u1ecdn N\u1ec7m B\u00f4ng \u00c9p G\u1ea5p 3?<\/strong><\/h4>\n<ul>\n<li><strong>Ti\u1ebft ki\u1ec7m kh\u00f4ng gian<\/strong>, ph\u00f9 h\u1ee3p v\u1edbi m\u1ecdi lo\u1ea1i ph\u00f2ng ng\u1ee7.<\/li>\n<li><strong>Gi\u00e1 c\u1ea3 h\u1ee3p l\u00fd<\/strong>, ph\u00f9 h\u1ee3p v\u1edbi nhi\u1ec1u \u0111\u1ed1i t\u01b0\u1ee3ng kh\u00e1ch h\u00e0ng.<\/li>\n<li><strong>Tho\u00e1ng kh\u00ed<\/strong>, gi\u00fap gi\u1ea5c ng\u1ee7 tho\u1ea3i m\u00e1i h\u01a1n.<\/li>\n<li><strong>B\u1ec1n b\u1ec9<\/strong>, kh\u00f4ng b\u1ecb x\u1eb9p l\u00fan nhanh ch\u00f3ng nh\u01b0 m\u1ed9t s\u1ed1 lo\u1ea1i n\u1ec7m kh\u00e1c.<\/li>\n<li><strong>An to\u00e0n cho s\u1ee9c kh\u1ecfe<\/strong>, kh\u00f4ng ch\u1ee9a h\u00f3a ch\u1ea5t \u0111\u1ed9c h\u1ea1i.<\/li>\n<\/ul>\n<hr \/>\n<h4><strong>9. Th\u00f4ng Tin Li\u00ean H\u1ec7 V\u00e0 Mua H\u00e0ng<\/strong><\/h4>\n<p>N\u1ebfu b\u1ea1n \u0111ang t\u00ecm ki\u1ebfm m\u1ed9t chi\u1ebfc\u00a0<strong>n\u1ec7m b\u00f4ng \u00e9p g\u1ea5p 3 ch\u1ea5t l\u01b0\u1ee3ng<\/strong>, h\u00e3y truy c\u1eadp\u00a0<strong><a href=\"https:\/\/lmarena.ai\/#\">nemtanthangphu.com<\/a><\/strong>. Ch\u00fang t\u00f4i cam k\u1ebft mang \u0111\u1ebfn s\u1ea3n ph\u1ea9m ch\u00ednh h\u00e3ng, gi\u00e1 th\u00e0nh h\u1ee3p l\u00fd v\u00e0 d\u1ecbch v\u1ee5 kh\u00e1ch h\u00e0ng t\u1eadn t\u00e2m.<\/p>\n<hr \/>\n<h4><strong>10. K\u1ebft Lu\u1eadn<\/strong><\/h4>\n<p>N\u1ec7m b\u00f4ng \u00e9p g\u1ea5p 3 l\u00e0 gi\u1ea3i ph\u00e1p ho\u00e0n h\u1ea3o cho nh\u1eefng ai mu\u1ed1n s\u1edf h\u1eefu m\u1ed9t s\u1ea3n ph\u1ea9m\u00a0<strong>b\u1ec1n b\u1ec9, ti\u1ebft ki\u1ec7m kh\u00f4ng gian v\u00e0 gi\u00e1 c\u1ea3 ph\u1ea3i ch\u0103ng<\/strong>. V\u1edbi thi\u1ebft k\u1ebf th\u00f4ng minh v\u00e0 nhi\u1ec1u \u01b0u \u0111i\u1ec3m v\u01b0\u1ee3t tr\u1ed9i, \u0111\u00e2y ch\u1eafc ch\u1eafn l\u00e0 l\u1ef1a ch\u1ecdn \u0111\u00e1ng c\u00e2n nh\u1eafc cho m\u1ecdi gia \u0111\u00ecnh. \ud83d\ude80<\/p>","protected":false},"excerpt":{"rendered":"<p>N\u1ec7m B\u00f4ng \u00c9p G\u1ea5p 3: Gi\u1ea3i Ph\u00e1p Ti\u1ebft Ki\u1ec7m, Ti\u1ec7n L\u1ee3i Cho M\u1ecdi Gia \u0110\u00ecnh Trong cu\u1ed9c s\u1ed1ng hi\u1ec7n \u0111\u1ea1i, nhi\u1ec1u gia \u0111\u00ecnh \u01b0u ti\u00ean l\u1ef1a ch\u1ecdn nh\u1eefng s\u1ea3n ph\u1ea9m n\u1ed9i th\u1ea5t v\u1eeba ti\u1ec7n d\u1ee5ng, v\u1eeba ti\u1ebft ki\u1ec7m kh\u00f4ng gian.\u00a0N\u1ec7m b\u00f4ng \u00e9p g\u1ea5p 3\u00a0l\u00e0 m\u1ed9t trong nh\u1eefng l\u1ef1a ch\u1ecdn h\u00e0ng \u0111\u1ea7u nh\u1edd v\u00e0o thi\u1ebft k\u1ebf [&hellip;]<\/p>","protected":false},"featured_media":3427,"comment_status":"open","ping_status":"closed","template":"","meta":[],"product_cat":[28,23],"product_tag":[4701,14245,14249,14250,14256,14257],"class_list":{"0":"post-3409","1":"product","2":"type-product","3":"status-publish","4":"has-post-thumbnail","6":"product_cat-nem","7":"product_cat-nem-bong-ep","8":"product_tag-nem","9":"product_tag-nem-thoang-khi","10":"product_tag-nem-gia-re","11":"product_tag-nem-re","12":"product_tag-nem-bong","13":"product_tag-nem-bong-ep","15":"first","16":"instock","17":"sale","18":"shipping-taxable","19":"purchasable","20":"product-type-variable"},"yoast_head":"<!-- This site is optimized with the Yoast SEO Premium plugin v24.8 (Yoast SEO v24.8) - https:\/\/yoast.com\/wordpress\/plugins\/seo\/ -->\n<title>N\u1ec7m B\u00f4ng \u00c9p G\u1ea5p 3 - Gi\u1ea5c Ng\u1ee7 \u00cam \u00c1i, Ti\u1ec7n L\u1ee3i, Gi\u00e1 T\u1ed1t<\/title>\n<meta name=\"description\" content=\"N\u1ec7m B\u00f4ng \u00c9p G\u1ea5p 3 v\u1edbi thi\u1ebft k\u1ebf g\u1ea5p g\u1ecdn ti\u1ec7n l\u1ee3i, n\u00e2ng \u0111\u1ee1 c\u1ed9t s\u1ed1ng, tho\u00e1ng kh\u00ed v\u00e0 gi\u00e1 c\u1ea3 h\u1ee3p l\u00fd. T\u00ecm hi\u1ec3u ngay \u0111\u1ec3 ch\u1ecdn n\u1ec7m ph\u00f9 h\u1ee3p cho gi\u1ea5c ng\u1ee7 ngon !\" \/>\n<meta name=\"robots\" content=\"index, follow, max-snippet:-1, max-image-preview:large, max-video-preview:-1\" \/>\n<link rel=\"canonical\" href=\"https:\/\/nemtanthangphu.com\/en\/product\/nem-bong-ep-gap-3-giac-ngu-em-ai-tien-loi-gia-tot\/\" \/>\n<meta property=\"og:locale\" content=\"en_US\" \/>\n<meta property=\"og:type\" content=\"article\" \/>\n<meta property=\"og:title\" content=\"N\u1ec7m B\u00f4ng \u00c9p G\u1ea5p 3 - Gi\u1ea5c Ng\u1ee7 \u00cam \u00c1i, Ti\u1ec7n L\u1ee3i, Gi\u00e1 T\u1ed1t\" \/>\n<meta property=\"og:description\" content=\"N\u1ec7m B\u00f4ng \u00c9p G\u1ea5p 3 v\u1edbi thi\u1ebft k\u1ebf g\u1ea5p g\u1ecdn ti\u1ec7n l\u1ee3i, n\u00e2ng \u0111\u1ee1 c\u1ed9t s\u1ed1ng, tho\u00e1ng kh\u00ed v\u00e0 gi\u00e1 c\u1ea3 h\u1ee3p l\u00fd. T\u00ecm hi\u1ec3u ngay \u0111\u1ec3 ch\u1ecdn n\u1ec7m ph\u00f9 h\u1ee3p cho gi\u1ea5c ng\u1ee7 ngon !\" \/>\n<meta property=\"og:url\" content=\"https:\/\/nemtanthangphu.com\/en\/product\/nem-bong-ep-gap-3-giac-ngu-em-ai-tien-loi-gia-tot\/\" \/>\n<meta property=\"og:site_name\" content=\"N\u1ec7m T\u00e2n Th\u0103ng Ph\u00fa\" \/>\n<meta property=\"article:publisher\" content=\"https:\/\/www.facebook.com\/nemtanthanngphu.tapus\" \/>\n<meta property=\"article:modified_time\" content=\"2026-05-05T19:15:18+00:00\" \/>\n<meta property=\"og:image\" content=\"https:\/\/nemtanthangphu.com\/wp-content\/uploads\/2025\/02\/NBE-009.jpg\" \/>\n\t<meta property=\"og:image:width\" content=\"600\" \/>\n\t<meta property=\"og:image:height\" content=\"500\" \/>\n\t<meta property=\"og:image:type\" content=\"image\/jpeg\" \/>\n<meta name=\"twitter:card\" content=\"summary_large_image\" \/>\n<meta name=\"twitter:label1\" content=\"Est. reading time\" \/>\n\t<meta name=\"twitter:data1\" content=\"6 minutes\" \/>\n<script type=\"application\/ld+json\" class=\"yoast-schema-graph\">{\"@context\":\"https:\/\/schema.org\",\"@graph\":[{\"@type\":\"WebPage\",\"@id\":\"https:\/\/nemtanthangphu.com\/san-pham\/nem-bong-ep-gap-3-giac-ngu-em-ai-tien-loi-gia-tot\/\",\"url\":\"https:\/\/nemtanthangphu.com\/san-pham\/nem-bong-ep-gap-3-giac-ngu-em-ai-tien-loi-gia-tot\/\",\"name\":\"N\u1ec7m B\u00f4ng \u00c9p G\u1ea5p 3 - Gi\u1ea5c Ng\u1ee7 \u00cam \u00c1i, Ti\u1ec7n L\u1ee3i, Gi\u00e1 T\u1ed1t\",\"isPartOf\":{\"@id\":\"https:\/\/nemtanthangphu.com\/#website\"},\"primaryImageOfPage\":{\"@id\":\"https:\/\/nemtanthangphu.com\/san-pham\/nem-bong-ep-gap-3-giac-ngu-em-ai-tien-loi-gia-tot\/#primaryimage\"},\"image\":{\"@id\":\"https:\/\/nemtanthangphu.com\/san-pham\/nem-bong-ep-gap-3-giac-ngu-em-ai-tien-loi-gia-tot\/#primaryimage\"},\"thumbnailUrl\":\"https:\/\/nemtanthangphu.com\/wp-content\/uploads\/2025\/02\/NBE-009.jpg\",\"datePublished\":\"2025-02-14T02:42:12+00:00\",\"dateModified\":\"2026-05-05T19:15:18+00:00\",\"description\":\"N\u1ec7m B\u00f4ng \u00c9p G\u1ea5p 3 v\u1edbi thi\u1ebft k\u1ebf g\u1ea5p g\u1ecdn ti\u1ec7n l\u1ee3i, n\u00e2ng \u0111\u1ee1 c\u1ed9t s\u1ed1ng, tho\u00e1ng kh\u00ed v\u00e0 gi\u00e1 c\u1ea3 h\u1ee3p l\u00fd. T\u00ecm hi\u1ec3u ngay \u0111\u1ec3 ch\u1ecdn n\u1ec7m ph\u00f9 h\u1ee3p cho gi\u1ea5c ng\u1ee7 ngon !\",\"breadcrumb\":{\"@id\":\"https:\/\/nemtanthangphu.com\/san-pham\/nem-bong-ep-gap-3-giac-ngu-em-ai-tien-loi-gia-tot\/#breadcrumb\"},\"inLanguage\":\"en-US\",\"potentialAction\":[{\"@type\":\"ReadAction\",\"target\":[\"https:\/\/nemtanthangphu.com\/san-pham\/nem-bong-ep-gap-3-giac-ngu-em-ai-tien-loi-gia-tot\/\"]}]},{\"@type\":\"ImageObject\",\"inLanguage\":\"en-US\",\"@id\":\"https:\/\/nemtanthangphu.com\/san-pham\/nem-bong-ep-gap-3-giac-ngu-em-ai-tien-loi-gia-tot\/#primaryimage\",\"url\":\"https:\/\/nemtanthangphu.com\/wp-content\/uploads\/2025\/02\/NBE-009.jpg\",\"contentUrl\":\"https:\/\/nemtanthangphu.com\/wp-content\/uploads\/2025\/02\/NBE-009.jpg\",\"width\":600,\"height\":500,\"caption\":\"N\u1ec7m b\u00f4ng \u00e9p\"},{\"@type\":\"BreadcrumbList\",\"@id\":\"https:\/\/nemtanthangphu.com\/san-pham\/nem-bong-ep-gap-3-giac-ngu-em-ai-tien-loi-gia-tot\/#breadcrumb\",\"itemListElement\":[{\"@type\":\"ListItem\",\"position\":1,\"name\":\"Home\",\"item\":\"https:\/\/nemtanthangphu.com\/\"},{\"@type\":\"ListItem\",\"position\":2,\"name\":\"S\u1ea3n ph\u1ea9m\",\"item\":\"https:\/\/nemtanthangphu.com\/en\/san-pham\/\"},{\"@type\":\"ListItem\",\"position\":3,\"name\":\"N\u1ec7m B\u00f4ng \u00c9p G\u1ea5p 3 &#8211; Gi\u1ea5c Ng\u1ee7 \u00cam \u00c1i, Ti\u1ec7n L\u1ee3i, Gi\u00e1 T\u1ed1t\"}]},{\"@type\":\"WebSite\",\"@id\":\"https:\/\/nemtanthangphu.com\/#website\",\"url\":\"https:\/\/nemtanthangphu.com\/\",\"name\":\"N\u1ec7m T\u00e2n Th\u0103ng Ph\u00fa\",\"description\":\"All the best for your life\",\"publisher\":{\"@id\":\"https:\/\/nemtanthangphu.com\/#organization\"},\"potentialAction\":[{\"@type\":\"SearchAction\",\"target\":{\"@type\":\"EntryPoint\",\"urlTemplate\":\"https:\/\/nemtanthangphu.com\/?s={search_term_string}\"},\"query-input\":{\"@type\":\"PropertyValueSpecification\",\"valueRequired\":true,\"valueName\":\"search_term_string\"}}],\"inLanguage\":\"en-US\"},{\"@type\":\"Organization\",\"@id\":\"https:\/\/nemtanthangphu.com\/#organization\",\"name\":\"N\u1ec7m T\u00e2n Th\u0103ng Ph\u00fa\",\"url\":\"https:\/\/nemtanthangphu.com\/\",\"logo\":{\"@type\":\"ImageObject\",\"inLanguage\":\"en-US\",\"@id\":\"https:\/\/nemtanthangphu.com\/#\/schema\/logo\/image\/\",\"url\":\"https:\/\/nemtanthangphu.com\/wp-content\/uploads\/2024\/12\/logo_02_nem_tang_phu.png\",\"contentUrl\":\"https:\/\/nemtanthangphu.com\/wp-content\/uploads\/2024\/12\/logo_02_nem_tang_phu.png\",\"width\":500,\"height\":500,\"caption\":\"N\u1ec7m T\u00e2n Th\u0103ng Ph\u00fa\"},\"image\":{\"@id\":\"https:\/\/nemtanthangphu.com\/#\/schema\/logo\/image\/\"},\"sameAs\":[\"https:\/\/www.facebook.com\/nemtanthanngphu.tapus\"]}]}<\/script>\n<!-- \/ Yoast SEO Premium plugin. -->","yoast_head_json":{"title":"N\u1ec7m B\u00f4ng \u00c9p G\u1ea5p 3 - Gi\u1ea5c Ng\u1ee7 \u00cam \u00c1i, Ti\u1ec7n L\u1ee3i, Gi\u00e1 T\u1ed1t","description":"N\u1ec7m B\u00f4ng \u00c9p G\u1ea5p 3 v\u1edbi thi\u1ebft k\u1ebf g\u1ea5p g\u1ecdn ti\u1ec7n l\u1ee3i, n\u00e2ng \u0111\u1ee1 c\u1ed9t s\u1ed1ng, tho\u00e1ng kh\u00ed v\u00e0 gi\u00e1 c\u1ea3 h\u1ee3p l\u00fd. T\u00ecm hi\u1ec3u ngay \u0111\u1ec3 ch\u1ecdn n\u1ec7m ph\u00f9 h\u1ee3p cho gi\u1ea5c ng\u1ee7 ngon !","robots":{"index":"index","follow":"follow","max-snippet":"max-snippet:-1","max-image-preview":"max-image-preview:large","max-video-preview":"max-video-preview:-1"},"canonical":"https:\/\/nemtanthangphu.com\/en\/product\/nem-bong-ep-gap-3-giac-ngu-em-ai-tien-loi-gia-tot\/","og_locale":"en_US","og_type":"article","og_title":"N\u1ec7m B\u00f4ng \u00c9p G\u1ea5p 3 - Gi\u1ea5c Ng\u1ee7 \u00cam \u00c1i, Ti\u1ec7n L\u1ee3i, Gi\u00e1 T\u1ed1t","og_description":"N\u1ec7m B\u00f4ng \u00c9p G\u1ea5p 3 v\u1edbi thi\u1ebft k\u1ebf g\u1ea5p g\u1ecdn ti\u1ec7n l\u1ee3i, n\u00e2ng \u0111\u1ee1 c\u1ed9t s\u1ed1ng, tho\u00e1ng kh\u00ed v\u00e0 gi\u00e1 c\u1ea3 h\u1ee3p l\u00fd. T\u00ecm hi\u1ec3u ngay \u0111\u1ec3 ch\u1ecdn n\u1ec7m ph\u00f9 h\u1ee3p cho gi\u1ea5c ng\u1ee7 ngon !","og_url":"https:\/\/nemtanthangphu.com\/en\/product\/nem-bong-ep-gap-3-giac-ngu-em-ai-tien-loi-gia-tot\/","og_site_name":"N\u1ec7m T\u00e2n Th\u0103ng Ph\u00fa","article_publisher":"https:\/\/www.facebook.com\/nemtanthanngphu.tapus","article_modified_time":"2026-05-05T19:15:18+00:00","og_image":[{"width":600,"height":500,"url":"https:\/\/nemtanthangphu.com\/wp-content\/uploads\/2025\/02\/NBE-009.jpg","type":"image\/jpeg"}],"twitter_card":"summary_large_image","twitter_misc":{"Est. reading time":"6 minutes"},"schema":{"@context":"https:\/\/schema.org","@graph":[{"@type":"WebPage","@id":"https:\/\/nemtanthangphu.com\/san-pham\/nem-bong-ep-gap-3-giac-ngu-em-ai-tien-loi-gia-tot\/","url":"https:\/\/nemtanthangphu.com\/san-pham\/nem-bong-ep-gap-3-giac-ngu-em-ai-tien-loi-gia-tot\/","name":"N\u1ec7m B\u00f4ng \u00c9p G\u1ea5p 3 - Gi\u1ea5c Ng\u1ee7 \u00cam \u00c1i, Ti\u1ec7n L\u1ee3i, Gi\u00e1 T\u1ed1t","isPartOf":{"@id":"https:\/\/nemtanthangphu.com\/#website"},"primaryImageOfPage":{"@id":"https:\/\/nemtanthangphu.com\/san-pham\/nem-bong-ep-gap-3-giac-ngu-em-ai-tien-loi-gia-tot\/#primaryimage"},"image":{"@id":"https:\/\/nemtanthangphu.com\/san-pham\/nem-bong-ep-gap-3-giac-ngu-em-ai-tien-loi-gia-tot\/#primaryimage"},"thumbnailUrl":"https:\/\/nemtanthangphu.com\/wp-content\/uploads\/2025\/02\/NBE-009.jpg","datePublished":"2025-02-14T02:42:12+00:00","dateModified":"2026-05-05T19:15:18+00:00","description":"N\u1ec7m B\u00f4ng \u00c9p G\u1ea5p 3 v\u1edbi thi\u1ebft k\u1ebf g\u1ea5p g\u1ecdn ti\u1ec7n l\u1ee3i, n\u00e2ng \u0111\u1ee1 c\u1ed9t s\u1ed1ng, tho\u00e1ng kh\u00ed v\u00e0 gi\u00e1 c\u1ea3 h\u1ee3p l\u00fd. T\u00ecm hi\u1ec3u ngay \u0111\u1ec3 ch\u1ecdn n\u1ec7m ph\u00f9 h\u1ee3p cho gi\u1ea5c ng\u1ee7 ngon !","breadcrumb":{"@id":"https:\/\/nemtanthangphu.com\/san-pham\/nem-bong-ep-gap-3-giac-ngu-em-ai-tien-loi-gia-tot\/#breadcrumb"},"inLanguage":"en-US","potentialAction":[{"@type":"ReadAction","target":["https:\/\/nemtanthangphu.com\/san-pham\/nem-bong-ep-gap-3-giac-ngu-em-ai-tien-loi-gia-tot\/"]}]},{"@type":"ImageObject","inLanguage":"en-US","@id":"https:\/\/nemtanthangphu.com\/san-pham\/nem-bong-ep-gap-3-giac-ngu-em-ai-tien-loi-gia-tot\/#primaryimage","url":"https:\/\/nemtanthangphu.com\/wp-content\/uploads\/2025\/02\/NBE-009.jpg","contentUrl":"https:\/\/nemtanthangphu.com\/wp-content\/uploads\/2025\/02\/NBE-009.jpg","width":600,"height":500,"caption":"N\u1ec7m b\u00f4ng \u00e9p"},{"@type":"BreadcrumbList","@id":"https:\/\/nemtanthangphu.com\/san-pham\/nem-bong-ep-gap-3-giac-ngu-em-ai-tien-loi-gia-tot\/#breadcrumb","itemListElement":[{"@type":"ListItem","position":1,"name":"Home","item":"https:\/\/nemtanthangphu.com\/"},{"@type":"ListItem","position":2,"name":"S\u1ea3n ph\u1ea9m","item":"https:\/\/nemtanthangphu.com\/en\/san-pham\/"},{"@type":"ListItem","position":3,"name":"N\u1ec7m B\u00f4ng \u00c9p G\u1ea5p 3 &#8211; Gi\u1ea5c Ng\u1ee7 \u00cam \u00c1i, Ti\u1ec7n L\u1ee3i, Gi\u00e1 T\u1ed1t"}]},{"@type":"WebSite","@id":"https:\/\/nemtanthangphu.com\/#website","url":"https:\/\/nemtanthangphu.com\/","name":"N\u1ec7m T\u00e2n Th\u0103ng Ph\u00fa","description":"All the best for your life","publisher":{"@id":"https:\/\/nemtanthangphu.com\/#organization"},"potentialAction":[{"@type":"SearchAction","target":{"@type":"EntryPoint","urlTemplate":"https:\/\/nemtanthangphu.com\/?s={search_term_string}"},"query-input":{"@type":"PropertyValueSpecification","valueRequired":true,"valueName":"search_term_string"}}],"inLanguage":"en-US"},{"@type":"Organization","@id":"https:\/\/nemtanthangphu.com\/#organization","name":"N\u1ec7m T\u00e2n Th\u0103ng Ph\u00fa","url":"https:\/\/nemtanthangphu.com\/","logo":{"@type":"ImageObject","inLanguage":"en-US","@id":"https:\/\/nemtanthangphu.com\/#\/schema\/logo\/image\/","url":"https:\/\/nemtanthangphu.com\/wp-content\/uploads\/2024\/12\/logo_02_nem_tang_phu.png","contentUrl":"https:\/\/nemtanthangphu.com\/wp-content\/uploads\/2024\/12\/logo_02_nem_tang_phu.png","width":500,"height":500,"caption":"N\u1ec7m T\u00e2n Th\u0103ng Ph\u00fa"},"image":{"@id":"https:\/\/nemtanthangphu.com\/#\/schema\/logo\/image\/"},"sameAs":["https:\/\/www.facebook.com\/nemtanthanngphu.tapus"]}]}},"acf":[],"_links":{"self":[{"href":"https:\/\/nemtanthangphu.com\/en\/wp-json\/wp\/v2\/product\/3409","targetHints":{"allow":["GET"]}}],"collection":[{"href":"https:\/\/nemtanthangphu.com\/en\/wp-json\/wp\/v2\/product"}],"about":[{"href":"https:\/\/nemtanthangphu.com\/en\/wp-json\/wp\/v2\/types\/product"}],"replies":[{"embeddable":true,"href":"https:\/\/nemtanthangphu.com\/en\/wp-json\/wp\/v2\/comments?post=3409"}],"wp:featuredmedia":[{"embeddable":true,"href":"https:\/\/nemtanthangphu.com\/en\/wp-json\/wp\/v2\/media\/3427"}],"wp:attachment":[{"href":"https:\/\/nemtanthangphu.com\/en\/wp-json\/wp\/v2\/media?parent=3409"}],"wp:term":[{"taxonomy":"product_cat","embeddable":true,"href":"https:\/\/nemtanthangphu.com\/en\/wp-json\/wp\/v2\/product_cat?post=3409"},{"taxonomy":"product_tag","embeddable":true,"href":"https:\/\/nemtanthangphu.com\/en\/wp-json\/wp\/v2\/product_tag?post=3409"}],"curies":[{"name":"wp","href":"https:\/\/api.w.org\/{rel}","templated":true}]}}