{"id":3499,"date":"2025-02-14T16:45:04","date_gmt":"2025-02-14T09:45:04","guid":{"rendered":"https:\/\/nemtangthangphu.123websitedev.com\/?post_type=product&#038;p=3499"},"modified":"2026-05-16T20:55:25","modified_gmt":"2026-05-16T13:55:25","slug":"nem-ngoai-troi-cao-cap-giai-phap-hoan-hao-cho-khong-gian-nghi-duong-gia-cong-thiet-ke-theo-yeu-cau","status":"publish","type":"product","link":"https:\/\/nemtanthangphu.com\/en\/product\/nem-ngoai-troi-cao-cap-giai-phap-hoan-hao-cho-khong-gian-nghi-duong-gia-cong-thiet-ke-theo-yeu-cau\/","title":{"rendered":"N\u1ec7m Ngo\u00e0i Tr\u1eddi Cao C\u1ea5p \u2013 Gi\u1ea3i Ph\u00e1p Ho\u00e0n H\u1ea3o Cho Kh\u00f4ng Gian Ngh\u1ec9 D\u01b0\u1ee1ng | Gia C\u00f4ng &#038; Thi\u1ebft K\u1ebf Theo Y\u00eau C\u1ea7u"},"content":{"rendered":"<h1><strong>N\u1ec7m Ngo\u00e0i Tr\u1eddi \u2013 Gi\u1ea3i Ph\u00e1p Ho\u00e0n H\u1ea3o Cho Kh\u00f4ng Gian Ngh\u1ec9 D\u01b0\u1ee1ng Cao C\u1ea5p<\/strong><\/h1>\n<p>B\u1ea1n \u0111ang t\u00ecm ki\u1ebfm nh\u1eefng chi\u1ebfc\u00a0<strong>n\u1ec7m ngo\u00e0i tr\u1eddi<\/strong>\u00a0ch\u1ea5t l\u01b0\u1ee3ng cao \u0111\u1ec3 n\u00e2ng t\u1ea7m kh\u00f4ng gian ngh\u1ec9 d\u01b0\u1ee1ng c\u1ee7a nh\u00e0 ngh\u1ec9, kh\u00e1ch s\u1ea1n, resort hay hotel? Ch\u00fang t\u00f4i t\u1ef1 h\u00e0o mang \u0111\u1ebfn d\u00f2ng s\u1ea3n ph\u1ea9m\u00a0<strong>n\u1ec7m ngo\u00e0i tr\u1eddi<\/strong>\u00a0\u0111\u1eb3ng c\u1ea5p, \u0111\u01b0\u1ee3c thi\u1ebft k\u1ebf \u0111\u1eb7c bi\u1ec7t \u0111\u1ec3 \u0111\u00e1p \u1ee9ng m\u1ecdi nhu c\u1ea7u s\u1eed d\u1ee5ng trong m\u00f4i tr\u01b0\u1eddng kh\u1eafc nghi\u1ec7t. V\u1edbi \u0111a d\u1ea1ng m\u1eabu m\u00e3 v\u00e0 ch\u1ea5t li\u1ec7u cao c\u1ea5p nh\u01b0 cao su thi\u00ean nhi\u00ean, foam t\u1ed5ng h\u1ee3p, m\u00fat \u00e9p D40, PE, b\u00f4ng \u00e9p v\u00e0 khung l\u00f2 xo, ch\u00fang t\u00f4i cam k\u1ebft mang \u0111\u1ebfn s\u1ef1 tho\u1ea3i m\u00e1i v\u00e0 b\u1ec1n b\u1ec9 t\u1ed1i \u01b0u.<\/p>\n<hr \/>\n<h4><strong>1. T\u1ea1i Sao N\u1ec7m Ngo\u00e0i Tr\u1eddi L\u00e0 L\u1ef1a Ch\u1ecdn L\u00fd T\u01b0\u1edfng?<\/strong><\/h4>\n<h5><strong>1.1. Thi\u1ebft K\u1ebf \u0110\u1ed9c \u0110\u00e1o, Ph\u00f9 H\u1ee3p M\u1ecdi Kh\u00f4ng Gian<\/strong><\/h5>\n<ul>\n<li><strong>N\u1ec7m gh\u1ebf sofa ngo\u00e0i tr\u1eddi<\/strong>: Mang l\u1ea1i c\u1ea3m gi\u00e1c \u00eam \u00e1i, sang tr\u1ecdng cho khu v\u1ef1c ti\u1ebfp kh\u00e1ch.<\/li>\n<li><strong>N\u1ec7m gh\u1ebf h\u1ed3 b\u01a1i, b\u00e3i bi\u1ec3n<\/strong>: Ch\u1ed1ng th\u1ea5m n\u01b0\u1edbc, d\u1ec5 v\u1ec7 sinh, l\u00fd t\u01b0\u1edfng cho kh\u00f4ng gian th\u01b0 gi\u00e3n.<\/li>\n<li><strong>N\u1ec7m ph\u00f2ng ng\u1ee7 cao c\u1ea5p<\/strong>: Tho\u00e1ng kh\u00ed, h\u1ed7 tr\u1ee3 gi\u1ea5c ng\u1ee7 s\u00e2u, ph\u00f9 h\u1ee3p v\u1edbi m\u1ecdi phong c\u00e1ch n\u1ed9i th\u1ea5t.<\/li>\n<\/ul>\n<h5><strong>1.2. Nguy\u00ean V\u1eadt Li\u1ec7u Ch\u1ea5t L\u01b0\u1ee3ng Cao<\/strong><\/h5>\n<p>Ch\u00fang t\u00f4i s\u1eed d\u1ee5ng c\u00e1c nguy\u00ean li\u1ec7u t\u1ed1t nh\u1ea5t tr\u00ean th\u1ecb tr\u01b0\u1eddng:<\/p>\n<ul>\n<li><strong>Cao su thi\u00ean nhi\u00ean<\/strong>: An to\u00e0n, \u0111\u00e0n h\u1ed3i t\u1ed1t, th\u00e2n thi\u1ec7n v\u1edbi m\u00f4i tr\u01b0\u1eddng.<\/li>\n<li><strong>Foam t\u1ed5ng h\u1ee3p<\/strong>: M\u1ec1m m\u1ea1i, b\u1ec1n b\u1ec9, ch\u1ed1ng x\u1eb9p l\u00fan.<\/li>\n<li><strong>M\u00fat \u00e9p D40<\/strong>: \u0110\u1ed9 c\u1ee9ng v\u1eeba ph\u1ea3i, th\u00edch h\u1ee3p cho kh\u00f4ng gian ngo\u00e0i tr\u1eddi.<\/li>\n<li><strong>PE v\u00e0 b\u00f4ng \u00e9p<\/strong>: Nh\u1eb9 nh\u00e0ng, d\u1ec5 d\u00e0ng t\u00f9y ch\u1ec9nh \u0111\u1ed9 d\u00e0y.<\/li>\n<li><strong>Khung l\u00f2 xo<\/strong>: T\u0103ng c\u01b0\u1eddng \u0111\u1ed9 \u0111\u00e0n h\u1ed3i, n\u00e2ng \u0111\u1ee1 t\u1ed1i \u01b0u.<\/li>\n<\/ul>\n<hr \/>\n<h4><strong>2. \u01afu \u0110i\u1ec3m N\u1ed5i B\u1eadt C\u1ee7a N\u1ec7m Ngo\u00e0i Tr\u1eddi<\/strong><\/h4>\n<h5><strong>2.1. Ch\u1ed1ng Th\u1ea5m N\u01b0\u1edbc &amp; B\u1ec1n B\u1ec9<\/strong><\/h5>\n<p>S\u1ea3n ph\u1ea9m c\u1ee7a ch\u00fang t\u00f4i \u0111\u01b0\u1ee3c thi\u1ebft k\u1ebf \u0111\u1eb7c bi\u1ec7t \u0111\u1ec3 ch\u1ecbu \u0111\u01b0\u1ee3c \u0111i\u1ec1u ki\u1ec7n th\u1eddi ti\u1ebft kh\u1eafc nghi\u1ec7t. Ch\u1ea5t li\u1ec7u ch\u1ed1ng th\u1ea5m n\u01b0\u1edbc gi\u00fap\u00a0<strong>n\u1ec7m ngo\u00e0i tr\u1eddi<\/strong>\u00a0lu\u00f4n kh\u00f4 r\u00e1o, s\u1ea1ch s\u1ebd, k\u1ec3 c\u1ea3 khi \u0111\u1eb7t ngo\u00e0i tr\u1eddi.<\/p>\n<h5><strong>2.2. Tho\u00e1ng Kh\u00ed &amp; \u00cam \u00c1i<\/strong><\/h5>\n<p>V\u1edbi c\u00f4ng ngh\u1ec7 hi\u1ec7n \u0111\u1ea1i, n\u1ec7m c\u1ee7a ch\u00fang t\u00f4i \u0111\u1ea3m b\u1ea3o tho\u00e1ng kh\u00ed, kh\u00f4ng g\u00e2y h\u1ea7m n\u00f3ng, mang l\u1ea1i c\u1ea3m gi\u00e1c tho\u1ea3i m\u00e1i cho ng\u01b0\u1eddi d\u00f9ng.<\/p>\n<h5><strong>2.3. D\u1ec5 V\u1ec7 Sinh<\/strong><\/h5>\n<p>B\u1ec1 m\u1eb7t n\u1ec7m d\u1ec5 d\u00e0ng lau ch\u00f9i, gi\u00fap ti\u1ebft ki\u1ec7m th\u1eddi gian v\u00e0 chi ph\u00ed b\u1ea3o tr\u00ec. \u0110i\u1ec1u n\u00e0y \u0111\u1eb7c bi\u1ec7t quan tr\u1ecdng \u0111\u1ed1i v\u1edbi c\u00e1c kh\u00f4ng gian c\u00f4ng c\u1ed9ng nh\u01b0 nh\u00e0 h\u00e0ng, kh\u00e1ch s\u1ea1n hay resort.<\/p>\n<h5><strong>2.4. \u0110a D\u1ea1ng M\u1eabu M\u00e3<\/strong><\/h5>\n<p>Ch\u00fang t\u00f4i cung c\u1ea5p nhi\u1ec1u m\u1eabu m\u00e3 v\u00e0 m\u00e0u s\u1eafc kh\u00e1c nhau, ph\u00f9 h\u1ee3p v\u1edbi m\u1ecdi phong c\u00e1ch thi\u1ebft k\u1ebf. T\u1eeb c\u1ed5 \u0111i\u1ec3n \u0111\u1ebfn hi\u1ec7n \u0111\u1ea1i, t\u1eeb sang tr\u1ecdng \u0111\u1ebfn t\u1ed1i gi\u1ea3n, ch\u00fang t\u00f4i \u0111\u1ec1u c\u00f3 th\u1ec3 \u0111\u00e1p \u1ee9ng.<\/p>\n<hr \/>\n<h4><strong>3. \u1ee8ng D\u1ee5ng C\u1ee7a N\u1ec7m Ngo\u00e0i Tr\u1eddi<\/strong><\/h4>\n<p><strong>N\u1ec7m ngo\u00e0i tr\u1eddi<\/strong>\u00a0c\u1ee7a ch\u00fang t\u00f4i \u0111\u01b0\u1ee3c thi\u1ebft k\u1ebf \u0111\u1ec3 ph\u1ee5c v\u1ee5 nhi\u1ec1u m\u1ee5c \u0111\u00edch kh\u00e1c nhau:<\/p>\n<ul>\n<li><strong>Kh\u00f4ng gian h\u1ed3 b\u01a1i v\u00e0 b\u00e3i bi\u1ec3n<\/strong>: N\u1ec7m gh\u1ebf n\u1eb1m th\u01b0 gi\u00e3n, n\u1ec7m gh\u1ebf t\u1eafm n\u1eafng.<\/li>\n<li><strong>Khu v\u1ef1c ti\u1ebfp kh\u00e1ch ngo\u00e0i tr\u1eddi<\/strong>: N\u1ec7m gh\u1ebf sofa, n\u1ec7m \u0111\u00f4n.<\/li>\n<li><strong>Ph\u00f2ng ng\u1ee7 kh\u00e1ch s\u1ea1n<\/strong>: N\u1ec7m cao c\u1ea5p, \u00eam \u00e1i, h\u1ed7 tr\u1ee3 gi\u1ea5c ng\u1ee7 s\u00e2u.<\/li>\n<li><strong>Nh\u00e0 h\u00e0ng v\u00e0 qu\u00e1n caf\u00e9 s\u00e2n v\u01b0\u1eddn<\/strong>: N\u1ec7m gh\u1ebf ng\u1ed3i tho\u1ea3i m\u00e1i, t\u0103ng tr\u1ea3i nghi\u1ec7m kh\u00e1ch h\u00e0ng.<\/li>\n<\/ul>\n<hr \/>\n<h4><strong>4. D\u1ecbch V\u1ee5 Gia C\u00f4ng &amp; Thi\u1ebft K\u1ebf N\u1ec7m Theo Y\u00eau C\u1ea7u<\/strong><\/h4>\n<p>Ngo\u00e0i vi\u1ec7c cung c\u1ea5p c\u00e1c s\u1ea3n ph\u1ea9m\u00a0<strong>n\u1ec7m ngo\u00e0i tr\u1eddi<\/strong>\u00a0s\u1eb5n c\u00f3, ch\u00fang t\u00f4i c\u00f2n mang \u0111\u1ebfn d\u1ecbch v\u1ee5\u00a0<strong>gia c\u00f4ng n\u1ec7m<\/strong>\u00a0v\u00e0\u00a0<strong>thi\u1ebft k\u1ebf n\u1ec7m theo y\u00eau c\u1ea7u<\/strong>, \u0111\u00e1p \u1ee9ng m\u1ecdi nhu c\u1ea7u \u0111\u1eb7c bi\u1ec7t c\u1ee7a kh\u00e1ch h\u00e0ng.<\/p>\n<h5><strong>4.1. T\u01b0 V\u1ea5n Chi Ti\u1ebft<\/strong><\/h5>\n<p>\u0110\u1ed9i ng\u0169 chuy\u00ean gia c\u1ee7a ch\u00fang t\u00f4i s\u1ebd l\u1eafng nghe nhu c\u1ea7u c\u1ee7a b\u1ea1n v\u00e0 \u0111\u01b0a ra gi\u1ea3i ph\u00e1p t\u1ed1i \u01b0u. T\u1eeb k\u00edch th\u01b0\u1edbc, \u0111\u1ed9 d\u00e0y, ch\u1ea5t li\u1ec7u \u0111\u1ebfn m\u00e0u s\u1eafc, t\u1ea5t c\u1ea3 \u0111\u1ec1u \u0111\u01b0\u1ee3c c\u00e1 nh\u00e2n h\u00f3a theo mong mu\u1ed1n c\u1ee7a kh\u00e1ch h\u00e0ng.<\/p>\n<h5><strong>4.2. Gia C\u00f4ng N\u1ec7m Linh Ho\u1ea1t<\/strong><\/h5>\n<p>V\u1edbi h\u1ec7 th\u1ed1ng nh\u00e0 x\u01b0\u1edfng hi\u1ec7n \u0111\u1ea1i v\u00e0 \u0111\u1ed9i ng\u0169 th\u1ee3 l\u00e0nh ngh\u1ec1, ch\u00fang t\u00f4i c\u00f3 kh\u1ea3 n\u0103ng\u00a0<strong>gia c\u00f4ng n\u1ec7m<\/strong>\u00a0s\u1ed1 l\u01b0\u1ee3ng l\u1edbn trong th\u1eddi gian ng\u1eafn. \u0110\u1ed3ng th\u1eddi, ch\u00fang t\u00f4i \u0111\u1ea3m b\u1ea3o ch\u1ea5t l\u01b0\u1ee3ng s\u1ea3n ph\u1ea9m lu\u00f4n \u0111\u1ea1t ti\u00eau chu\u1ea9n cao nh\u1ea5t.<\/p>\n<h5><strong>4.3. Thi\u1ebft K\u1ebf \u0110\u1ed9c \u0110\u00e1o<\/strong><\/h5>\n<p>Ch\u00fang t\u00f4i t\u1ef1 h\u00e0o l\u00e0 \u0111\u01a1n v\u1ecb ti\u00ean phong trong vi\u1ec7c\u00a0<strong>thi\u1ebft k\u1ebf n\u1ec7m<\/strong>\u00a0\u0111\u1ed9c \u0111\u00e1o, ph\u00f9 h\u1ee3p v\u1edbi t\u1eebng kh\u00f4ng gian c\u1ee5 th\u1ec3. D\u00f9 l\u00e0 d\u1ef1 \u00e1n nh\u1ecf hay l\u1edbn, ch\u00fang t\u00f4i \u0111\u1ec1u cam k\u1ebft mang \u0111\u1ebfn s\u1ef1 h\u00e0i l\u00f2ng tuy\u1ec7t \u0111\u1ed1i.<\/p>\n<hr \/>\n<h4><strong>5. Cam K\u1ebft T\u1eeb Ch\u00fang T\u00f4i<\/strong><\/h4>\n<ul>\n<li><strong>Ch\u1ea5t l\u01b0\u1ee3ng v\u01b0\u1ee3t tr\u1ed9i<\/strong>: T\u1ea5t c\u1ea3 s\u1ea3n ph\u1ea9m \u0111\u1ec1u \u0111\u01b0\u1ee3c ki\u1ec3m tra nghi\u00eam ng\u1eb7t tr\u01b0\u1edbc khi giao \u0111\u1ebfn tay kh\u00e1ch h\u00e0ng.<\/li>\n<li><strong>Gi\u00e1 c\u1ea3 c\u1ea1nh tranh<\/strong>: Ch\u00fang t\u00f4i cung c\u1ea5p m\u1ee9c gi\u00e1 h\u1ee3p l\u00fd, ph\u00f9 h\u1ee3p v\u1edbi ng\u00e2n s\u00e1ch c\u1ee7a m\u1ecdi d\u1ef1 \u00e1n.<\/li>\n<li><strong>D\u1ecbch v\u1ee5 chuy\u00ean nghi\u1ec7p<\/strong>: T\u1eeb t\u01b0 v\u1ea5n,\u00a0<strong>gia c\u00f4ng n\u1ec7m<\/strong>\u00a0\u0111\u1ebfn giao h\u00e0ng, ch\u00fang t\u00f4i lu\u00f4n \u0111\u1eb7t kh\u00e1ch h\u00e0ng l\u00ean h\u00e0ng \u0111\u1ea7u.<\/li>\n<\/ul>\n<hr \/>\n<h4><strong>6. Li\u00ean H\u1ec7 Ngay \u0110\u1ec3 \u0110\u01b0\u1ee3c T\u01b0 V\u1ea5n Chi Ti\u1ebft<\/strong><\/h4>\n<p>H\u00e3y \u0111\u1ec3 ch\u00fang t\u00f4i \u0111\u1ed3ng h\u00e0nh c\u00f9ng b\u1ea1n trong vi\u1ec7c t\u1ea1o n\u00ean kh\u00f4ng gian ngh\u1ec9 d\u01b0\u1ee1ng \u0111\u1eb3ng c\u1ea5p. V\u1edbi kinh nghi\u1ec7m l\u00e2u n\u0103m trong ng\u00e0nh v\u00e0 s\u1ef1 \u0111a d\u1ea1ng v\u1ec1 nguy\u00ean v\u1eadt li\u1ec7u, ch\u00fang t\u00f4i t\u1ef1 tin \u0111\u00e1p \u1ee9ng m\u1ecdi y\u00eau c\u1ea7u c\u1ee7a b\u1ea1n.<\/p>\n<p>\ud83d\udcde\u00a0<strong>Hotline<\/strong>: <strong><a href=\"tel:0903413318\">0903 41 33 18<\/a> <\/strong><strong>&#8211;\u00a0<a href=\"tel:0888999647\">0888 99 96 47<\/a><\/strong><strong>\u00a0&#8211;\u00a0<a href=\"tel:0898906112\">0916 438 078<\/a><br \/>\n<\/strong>\ud83d\udce7\u00a0<strong>E-mail<\/strong>: Nemtanthangphu@gmail.com<br \/>\n\ud83c\udf10\u00a0<strong>Website<\/strong>: nemtanthangphu.com<\/p>\n<hr \/>\n<h4><strong>7. K\u1ebft Lu\u1eadn<\/strong><\/h4>\n<p><strong>N\u1ec7m ngo\u00e0i tr\u1eddi<\/strong>\u00a0c\u1ee7a ch\u00fang t\u00f4i kh\u00f4ng ch\u1ec9 l\u00e0 s\u1ea3n ph\u1ea9m ch\u1ea5t l\u01b0\u1ee3ng cao m\u00e0 c\u00f2n l\u00e0 gi\u1ea3i ph\u00e1p ho\u00e0n h\u1ea3o cho kh\u00f4ng gian ngh\u1ec9 d\u01b0\u1ee1ng c\u1ee7a b\u1ea1n. N\u1ebfu b\u1ea1n c\u1ea7n m\u1ed9t \u0111\u1ed1i t\u00e1c \u0111\u00e1ng tin c\u1eady \u0111\u1ec3\u00a0<strong>gia c\u00f4ng n\u1ec7m<\/strong>\u00a0ho\u1eb7c\u00a0<strong>thi\u1ebft k\u1ebf n\u1ec7m theo y\u00eau c\u1ea7u<\/strong>, h\u00e3y li\u00ean h\u1ec7 ngay v\u1edbi ch\u00fang t\u00f4i. Ch\u00fang t\u00f4i cam k\u1ebft mang \u0111\u1ebfn s\u1ef1 h\u00e0i l\u00f2ng tuy\u1ec7t \u0111\u1ed1i cho m\u1ecdi kh\u00e1ch h\u00e0ng!<\/p>","protected":false},"excerpt":{"rendered":"<p>N\u1ec7m Ngo\u00e0i Tr\u1eddi \u2013 Gi\u1ea3i Ph\u00e1p Ho\u00e0n H\u1ea3o Cho Kh\u00f4ng Gian Ngh\u1ec9 D\u01b0\u1ee1ng Cao C\u1ea5p B\u1ea1n \u0111ang t\u00ecm ki\u1ebfm nh\u1eefng chi\u1ebfc\u00a0n\u1ec7m ngo\u00e0i tr\u1eddi\u00a0ch\u1ea5t l\u01b0\u1ee3ng cao \u0111\u1ec3 n\u00e2ng t\u1ea7m kh\u00f4ng gian ngh\u1ec9 d\u01b0\u1ee1ng c\u1ee7a nh\u00e0 ngh\u1ec9, kh\u00e1ch s\u1ea1n, resort hay hotel? Ch\u00fang t\u00f4i t\u1ef1 h\u00e0o mang \u0111\u1ebfn d\u00f2ng s\u1ea3n ph\u1ea9m\u00a0n\u1ec7m ngo\u00e0i tr\u1eddi\u00a0\u0111\u1eb3ng c\u1ea5p, \u0111\u01b0\u1ee3c thi\u1ebft k\u1ebf [&hellip;]<\/p>","protected":false},"featured_media":3521,"comment_status":"open","ping_status":"closed","template":"","meta":[],"product_cat":[28,27],"product_tag":[],"class_list":{"0":"post-3499","1":"product","2":"type-product","3":"status-publish","4":"has-post-thumbnail","6":"product_cat-nem","7":"product_cat-cac-san-pham-khac","9":"first","10":"outofstock","11":"shipping-taxable","12":"purchasable","13":"product-type-simple"},"yoast_head":"<!-- This site is optimized with the Yoast SEO Premium plugin v24.8 (Yoast SEO v24.8) - https:\/\/yoast.com\/wordpress\/plugins\/seo\/ -->\n<title>N\u1ec7m Ngo\u00e0i Tr\u1eddi Cao C\u1ea5p \u2013 Gia C\u00f4ng &amp; Thi\u1ebft K\u1ebf Theo Y\u00eau C\u1ea7u<\/title>\n<meta name=\"description\" content=\"Kh\u00e1m ph\u00e1 ngay c\u00e1c m\u1eabu n\u1ec7m ngo\u00e0i tr\u1eddi cao c\u1ea5p. Chuy\u00ean gia c\u00f4ng &amp; thi\u1ebft k\u1ebf n\u1ec7m theo y\u00eau c\u1ea7u, \u0111\u00e1p \u1ee9ng m\u1ecdi nhu c\u1ea7u cho nh\u00e0 ngh\u1ec9, kh\u00e1ch s\u1ea1n, resort !\" \/>\n<meta name=\"robots\" content=\"index, follow, max-snippet:-1, max-image-preview:large, max-video-preview:-1\" \/>\n<link rel=\"canonical\" href=\"https:\/\/nemtanthangphu.com\/en\/product\/nem-ngoai-troi-cao-cap-giai-phap-hoan-hao-cho-khong-gian-nghi-duong-gia-cong-thiet-ke-theo-yeu-cau\/\" \/>\n<meta property=\"og:locale\" content=\"en_US\" \/>\n<meta property=\"og:type\" content=\"article\" \/>\n<meta property=\"og:title\" content=\"N\u1ec7m Ngo\u00e0i Tr\u1eddi Cao C\u1ea5p \u2013 Gi\u1ea3i Ph\u00e1p Ho\u00e0n H\u1ea3o Cho Kh\u00f4ng Gian Ngh\u1ec9 D\u01b0\u1ee1ng | Gia C\u00f4ng &amp; Thi\u1ebft K\u1ebf Theo Y\u00eau C\u1ea7u\" \/>\n<meta property=\"og:description\" content=\"Kh\u00e1m ph\u00e1 ngay c\u00e1c m\u1eabu n\u1ec7m ngo\u00e0i tr\u1eddi cao c\u1ea5p. Chuy\u00ean gia c\u00f4ng &amp; thi\u1ebft k\u1ebf n\u1ec7m theo y\u00eau c\u1ea7u, \u0111\u00e1p \u1ee9ng m\u1ecdi nhu c\u1ea7u cho nh\u00e0 ngh\u1ec9, kh\u00e1ch s\u1ea1n, resort !\" \/>\n<meta property=\"og:url\" content=\"https:\/\/nemtanthangphu.com\/en\/product\/nem-ngoai-troi-cao-cap-giai-phap-hoan-hao-cho-khong-gian-nghi-duong-gia-cong-thiet-ke-theo-yeu-cau\/\" \/>\n<meta property=\"og:site_name\" content=\"N\u1ec7m T\u00e2n Th\u0103ng Ph\u00fa\" \/>\n<meta property=\"article:publisher\" content=\"https:\/\/www.facebook.com\/nemtanthanngphu.tapus\" \/>\n<meta property=\"article:modified_time\" content=\"2026-05-16T13:55:25+00:00\" \/>\n<meta property=\"og:image\" content=\"https:\/\/nemtanthangphu.com\/wp-content\/uploads\/2025\/02\/image120890.webp\" \/>\n\t<meta property=\"og:image:width\" content=\"1080\" \/>\n\t<meta property=\"og:image:height\" content=\"1080\" \/>\n\t<meta property=\"og:image:type\" content=\"image\/webp\" \/>\n<meta name=\"twitter:card\" content=\"summary_large_image\" \/>\n<meta name=\"twitter:label1\" content=\"Est. reading time\" \/>\n\t<meta name=\"twitter:data1\" content=\"6 minutes\" \/>\n<script type=\"application\/ld+json\" class=\"yoast-schema-graph\">{\"@context\":\"https:\/\/schema.org\",\"@graph\":[{\"@type\":\"WebPage\",\"@id\":\"https:\/\/nemtanthangphu.com\/en\/product\/nem-ngoai-troi-cao-cap-giai-phap-hoan-hao-cho-khong-gian-nghi-duong-gia-cong-thiet-ke-theo-yeu-cau\/\",\"url\":\"https:\/\/nemtanthangphu.com\/en\/product\/nem-ngoai-troi-cao-cap-giai-phap-hoan-hao-cho-khong-gian-nghi-duong-gia-cong-thiet-ke-theo-yeu-cau\/\",\"name\":\"N\u1ec7m Ngo\u00e0i Tr\u1eddi Cao C\u1ea5p \u2013 Gia C\u00f4ng & Thi\u1ebft K\u1ebf Theo Y\u00eau C\u1ea7u\",\"isPartOf\":{\"@id\":\"https:\/\/nemtanthangphu.com\/#website\"},\"primaryImageOfPage\":{\"@id\":\"https:\/\/nemtanthangphu.com\/en\/product\/nem-ngoai-troi-cao-cap-giai-phap-hoan-hao-cho-khong-gian-nghi-duong-gia-cong-thiet-ke-theo-yeu-cau\/#primaryimage\"},\"image\":{\"@id\":\"https:\/\/nemtanthangphu.com\/en\/product\/nem-ngoai-troi-cao-cap-giai-phap-hoan-hao-cho-khong-gian-nghi-duong-gia-cong-thiet-ke-theo-yeu-cau\/#primaryimage\"},\"thumbnailUrl\":\"https:\/\/nemtanthangphu.com\/wp-content\/uploads\/2025\/02\/image120890.webp\",\"datePublished\":\"2025-02-14T09:45:04+00:00\",\"dateModified\":\"2026-05-16T13:55:25+00:00\",\"description\":\"Kh\u00e1m ph\u00e1 ngay c\u00e1c m\u1eabu n\u1ec7m ngo\u00e0i tr\u1eddi cao c\u1ea5p. Chuy\u00ean gia c\u00f4ng & thi\u1ebft k\u1ebf n\u1ec7m theo y\u00eau c\u1ea7u, \u0111\u00e1p \u1ee9ng m\u1ecdi nhu c\u1ea7u cho nh\u00e0 ngh\u1ec9, kh\u00e1ch s\u1ea1n, resort !\",\"breadcrumb\":{\"@id\":\"https:\/\/nemtanthangphu.com\/en\/product\/nem-ngoai-troi-cao-cap-giai-phap-hoan-hao-cho-khong-gian-nghi-duong-gia-cong-thiet-ke-theo-yeu-cau\/#breadcrumb\"},\"inLanguage\":\"en-US\",\"potentialAction\":[{\"@type\":\"ReadAction\",\"target\":[\"https:\/\/nemtanthangphu.com\/en\/product\/nem-ngoai-troi-cao-cap-giai-phap-hoan-hao-cho-khong-gian-nghi-duong-gia-cong-thiet-ke-theo-yeu-cau\/\"]}]},{\"@type\":\"ImageObject\",\"inLanguage\":\"en-US\",\"@id\":\"https:\/\/nemtanthangphu.com\/en\/product\/nem-ngoai-troi-cao-cap-giai-phap-hoan-hao-cho-khong-gian-nghi-duong-gia-cong-thiet-ke-theo-yeu-cau\/#primaryimage\",\"url\":\"https:\/\/nemtanthangphu.com\/wp-content\/uploads\/2025\/02\/image120890.webp\",\"contentUrl\":\"https:\/\/nemtanthangphu.com\/wp-content\/uploads\/2025\/02\/image120890.webp\",\"width\":1080,\"height\":1080,\"caption\":\"N\u1ec7m Ngo\u00e0i Tr\u1eddi Cao C\u1ea5p \u2013 Gi\u1ea3i Ph\u00e1p Ho\u00e0n H\u1ea3o Cho Kh\u00f4ng Gian Ngh\u1ec9 D\u01b0\u1ee1ng | Gia C\u00f4ng & Thi\u1ebft K\u1ebf Theo Y\u00eau C\u1ea7u\"},{\"@type\":\"BreadcrumbList\",\"@id\":\"https:\/\/nemtanthangphu.com\/en\/product\/nem-ngoai-troi-cao-cap-giai-phap-hoan-hao-cho-khong-gian-nghi-duong-gia-cong-thiet-ke-theo-yeu-cau\/#breadcrumb\",\"itemListElement\":[{\"@type\":\"ListItem\",\"position\":1,\"name\":\"Home\",\"item\":\"https:\/\/nemtanthangphu.com\/\"},{\"@type\":\"ListItem\",\"position\":2,\"name\":\"S\u1ea3n ph\u1ea9m\",\"item\":\"https:\/\/nemtanthangphu.com\/en\/san-pham\/\"},{\"@type\":\"ListItem\",\"position\":3,\"name\":\"N\u1ec7m Ngo\u00e0i Tr\u1eddi Cao C\u1ea5p \u2013 Gi\u1ea3i Ph\u00e1p Ho\u00e0n H\u1ea3o Cho Kh\u00f4ng Gian Ngh\u1ec9 D\u01b0\u1ee1ng | Gia C\u00f4ng &#038; Thi\u1ebft K\u1ebf Theo Y\u00eau C\u1ea7u\"}]},{\"@type\":\"WebSite\",\"@id\":\"https:\/\/nemtanthangphu.com\/#website\",\"url\":\"https:\/\/nemtanthangphu.com\/\",\"name\":\"N\u1ec7m T\u00e2n Th\u0103ng Ph\u00fa\",\"description\":\"All the best for your life\",\"publisher\":{\"@id\":\"https:\/\/nemtanthangphu.com\/#organization\"},\"potentialAction\":[{\"@type\":\"SearchAction\",\"target\":{\"@type\":\"EntryPoint\",\"urlTemplate\":\"https:\/\/nemtanthangphu.com\/?s={search_term_string}\"},\"query-input\":{\"@type\":\"PropertyValueSpecification\",\"valueRequired\":true,\"valueName\":\"search_term_string\"}}],\"inLanguage\":\"en-US\"},{\"@type\":\"Organization\",\"@id\":\"https:\/\/nemtanthangphu.com\/#organization\",\"name\":\"N\u1ec7m T\u00e2n Th\u0103ng Ph\u00fa\",\"url\":\"https:\/\/nemtanthangphu.com\/\",\"logo\":{\"@type\":\"ImageObject\",\"inLanguage\":\"en-US\",\"@id\":\"https:\/\/nemtanthangphu.com\/#\/schema\/logo\/image\/\",\"url\":\"https:\/\/nemtanthangphu.com\/wp-content\/uploads\/2024\/12\/logo_02_nem_tang_phu.png\",\"contentUrl\":\"https:\/\/nemtanthangphu.com\/wp-content\/uploads\/2024\/12\/logo_02_nem_tang_phu.png\",\"width\":500,\"height\":500,\"caption\":\"N\u1ec7m T\u00e2n Th\u0103ng Ph\u00fa\"},\"image\":{\"@id\":\"https:\/\/nemtanthangphu.com\/#\/schema\/logo\/image\/\"},\"sameAs\":[\"https:\/\/www.facebook.com\/nemtanthanngphu.tapus\"]}]}<\/script>\n<!-- \/ Yoast SEO Premium plugin. -->","yoast_head_json":{"title":"N\u1ec7m Ngo\u00e0i Tr\u1eddi Cao C\u1ea5p \u2013 Gia C\u00f4ng & Thi\u1ebft K\u1ebf Theo Y\u00eau C\u1ea7u","description":"Kh\u00e1m ph\u00e1 ngay c\u00e1c m\u1eabu n\u1ec7m ngo\u00e0i tr\u1eddi cao c\u1ea5p. Chuy\u00ean gia c\u00f4ng & thi\u1ebft k\u1ebf n\u1ec7m theo y\u00eau c\u1ea7u, \u0111\u00e1p \u1ee9ng m\u1ecdi nhu c\u1ea7u cho nh\u00e0 ngh\u1ec9, kh\u00e1ch s\u1ea1n, resort !","robots":{"index":"index","follow":"follow","max-snippet":"max-snippet:-1","max-image-preview":"max-image-preview:large","max-video-preview":"max-video-preview:-1"},"canonical":"https:\/\/nemtanthangphu.com\/en\/product\/nem-ngoai-troi-cao-cap-giai-phap-hoan-hao-cho-khong-gian-nghi-duong-gia-cong-thiet-ke-theo-yeu-cau\/","og_locale":"en_US","og_type":"article","og_title":"N\u1ec7m Ngo\u00e0i Tr\u1eddi Cao C\u1ea5p \u2013 Gi\u1ea3i Ph\u00e1p Ho\u00e0n H\u1ea3o Cho Kh\u00f4ng Gian Ngh\u1ec9 D\u01b0\u1ee1ng | Gia C\u00f4ng & Thi\u1ebft K\u1ebf Theo Y\u00eau C\u1ea7u","og_description":"Kh\u00e1m ph\u00e1 ngay c\u00e1c m\u1eabu n\u1ec7m ngo\u00e0i tr\u1eddi cao c\u1ea5p. Chuy\u00ean gia c\u00f4ng & thi\u1ebft k\u1ebf n\u1ec7m theo y\u00eau c\u1ea7u, \u0111\u00e1p \u1ee9ng m\u1ecdi nhu c\u1ea7u cho nh\u00e0 ngh\u1ec9, kh\u00e1ch s\u1ea1n, resort !","og_url":"https:\/\/nemtanthangphu.com\/en\/product\/nem-ngoai-troi-cao-cap-giai-phap-hoan-hao-cho-khong-gian-nghi-duong-gia-cong-thiet-ke-theo-yeu-cau\/","og_site_name":"N\u1ec7m T\u00e2n Th\u0103ng Ph\u00fa","article_publisher":"https:\/\/www.facebook.com\/nemtanthanngphu.tapus","article_modified_time":"2026-05-16T13:55:25+00:00","og_image":[{"width":1080,"height":1080,"url":"https:\/\/nemtanthangphu.com\/wp-content\/uploads\/2025\/02\/image120890.webp","type":"image\/webp"}],"twitter_card":"summary_large_image","twitter_misc":{"Est. reading time":"6 minutes"},"schema":{"@context":"https:\/\/schema.org","@graph":[{"@type":"WebPage","@id":"https:\/\/nemtanthangphu.com\/en\/product\/nem-ngoai-troi-cao-cap-giai-phap-hoan-hao-cho-khong-gian-nghi-duong-gia-cong-thiet-ke-theo-yeu-cau\/","url":"https:\/\/nemtanthangphu.com\/en\/product\/nem-ngoai-troi-cao-cap-giai-phap-hoan-hao-cho-khong-gian-nghi-duong-gia-cong-thiet-ke-theo-yeu-cau\/","name":"N\u1ec7m Ngo\u00e0i Tr\u1eddi Cao C\u1ea5p \u2013 Gia C\u00f4ng & Thi\u1ebft K\u1ebf Theo Y\u00eau C\u1ea7u","isPartOf":{"@id":"https:\/\/nemtanthangphu.com\/#website"},"primaryImageOfPage":{"@id":"https:\/\/nemtanthangphu.com\/en\/product\/nem-ngoai-troi-cao-cap-giai-phap-hoan-hao-cho-khong-gian-nghi-duong-gia-cong-thiet-ke-theo-yeu-cau\/#primaryimage"},"image":{"@id":"https:\/\/nemtanthangphu.com\/en\/product\/nem-ngoai-troi-cao-cap-giai-phap-hoan-hao-cho-khong-gian-nghi-duong-gia-cong-thiet-ke-theo-yeu-cau\/#primaryimage"},"thumbnailUrl":"https:\/\/nemtanthangphu.com\/wp-content\/uploads\/2025\/02\/image120890.webp","datePublished":"2025-02-14T09:45:04+00:00","dateModified":"2026-05-16T13:55:25+00:00","description":"Kh\u00e1m ph\u00e1 ngay c\u00e1c m\u1eabu n\u1ec7m ngo\u00e0i tr\u1eddi cao c\u1ea5p. Chuy\u00ean gia c\u00f4ng & thi\u1ebft k\u1ebf n\u1ec7m theo y\u00eau c\u1ea7u, \u0111\u00e1p \u1ee9ng m\u1ecdi nhu c\u1ea7u cho nh\u00e0 ngh\u1ec9, kh\u00e1ch s\u1ea1n, resort !","breadcrumb":{"@id":"https:\/\/nemtanthangphu.com\/en\/product\/nem-ngoai-troi-cao-cap-giai-phap-hoan-hao-cho-khong-gian-nghi-duong-gia-cong-thiet-ke-theo-yeu-cau\/#breadcrumb"},"inLanguage":"en-US","potentialAction":[{"@type":"ReadAction","target":["https:\/\/nemtanthangphu.com\/en\/product\/nem-ngoai-troi-cao-cap-giai-phap-hoan-hao-cho-khong-gian-nghi-duong-gia-cong-thiet-ke-theo-yeu-cau\/"]}]},{"@type":"ImageObject","inLanguage":"en-US","@id":"https:\/\/nemtanthangphu.com\/en\/product\/nem-ngoai-troi-cao-cap-giai-phap-hoan-hao-cho-khong-gian-nghi-duong-gia-cong-thiet-ke-theo-yeu-cau\/#primaryimage","url":"https:\/\/nemtanthangphu.com\/wp-content\/uploads\/2025\/02\/image120890.webp","contentUrl":"https:\/\/nemtanthangphu.com\/wp-content\/uploads\/2025\/02\/image120890.webp","width":1080,"height":1080,"caption":"N\u1ec7m Ngo\u00e0i Tr\u1eddi Cao C\u1ea5p \u2013 Gi\u1ea3i Ph\u00e1p Ho\u00e0n H\u1ea3o Cho Kh\u00f4ng Gian Ngh\u1ec9 D\u01b0\u1ee1ng | Gia C\u00f4ng & Thi\u1ebft K\u1ebf Theo Y\u00eau C\u1ea7u"},{"@type":"BreadcrumbList","@id":"https:\/\/nemtanthangphu.com\/en\/product\/nem-ngoai-troi-cao-cap-giai-phap-hoan-hao-cho-khong-gian-nghi-duong-gia-cong-thiet-ke-theo-yeu-cau\/#breadcrumb","itemListElement":[{"@type":"ListItem","position":1,"name":"Home","item":"https:\/\/nemtanthangphu.com\/"},{"@type":"ListItem","position":2,"name":"S\u1ea3n ph\u1ea9m","item":"https:\/\/nemtanthangphu.com\/en\/san-pham\/"},{"@type":"ListItem","position":3,"name":"N\u1ec7m Ngo\u00e0i Tr\u1eddi Cao C\u1ea5p \u2013 Gi\u1ea3i Ph\u00e1p Ho\u00e0n H\u1ea3o Cho Kh\u00f4ng Gian Ngh\u1ec9 D\u01b0\u1ee1ng | Gia C\u00f4ng &#038; Thi\u1ebft K\u1ebf Theo Y\u00eau C\u1ea7u"}]},{"@type":"WebSite","@id":"https:\/\/nemtanthangphu.com\/#website","url":"https:\/\/nemtanthangphu.com\/","name":"N\u1ec7m T\u00e2n Th\u0103ng Ph\u00fa","description":"All the best for your life","publisher":{"@id":"https:\/\/nemtanthangphu.com\/#organization"},"potentialAction":[{"@type":"SearchAction","target":{"@type":"EntryPoint","urlTemplate":"https:\/\/nemtanthangphu.com\/?s={search_term_string}"},"query-input":{"@type":"PropertyValueSpecification","valueRequired":true,"valueName":"search_term_string"}}],"inLanguage":"en-US"},{"@type":"Organization","@id":"https:\/\/nemtanthangphu.com\/#organization","name":"N\u1ec7m T\u00e2n Th\u0103ng Ph\u00fa","url":"https:\/\/nemtanthangphu.com\/","logo":{"@type":"ImageObject","inLanguage":"en-US","@id":"https:\/\/nemtanthangphu.com\/#\/schema\/logo\/image\/","url":"https:\/\/nemtanthangphu.com\/wp-content\/uploads\/2024\/12\/logo_02_nem_tang_phu.png","contentUrl":"https:\/\/nemtanthangphu.com\/wp-content\/uploads\/2024\/12\/logo_02_nem_tang_phu.png","width":500,"height":500,"caption":"N\u1ec7m T\u00e2n Th\u0103ng Ph\u00fa"},"image":{"@id":"https:\/\/nemtanthangphu.com\/#\/schema\/logo\/image\/"},"sameAs":["https:\/\/www.facebook.com\/nemtanthanngphu.tapus"]}]}},"acf":[],"_links":{"self":[{"href":"https:\/\/nemtanthangphu.com\/en\/wp-json\/wp\/v2\/product\/3499","targetHints":{"allow":["GET"]}}],"collection":[{"href":"https:\/\/nemtanthangphu.com\/en\/wp-json\/wp\/v2\/product"}],"about":[{"href":"https:\/\/nemtanthangphu.com\/en\/wp-json\/wp\/v2\/types\/product"}],"replies":[{"embeddable":true,"href":"https:\/\/nemtanthangphu.com\/en\/wp-json\/wp\/v2\/comments?post=3499"}],"wp:featuredmedia":[{"embeddable":true,"href":"https:\/\/nemtanthangphu.com\/en\/wp-json\/wp\/v2\/media\/3521"}],"wp:attachment":[{"href":"https:\/\/nemtanthangphu.com\/en\/wp-json\/wp\/v2\/media?parent=3499"}],"wp:term":[{"taxonomy":"product_cat","embeddable":true,"href":"https:\/\/nemtanthangphu.com\/en\/wp-json\/wp\/v2\/product_cat?post=3499"},{"taxonomy":"product_tag","embeddable":true,"href":"https:\/\/nemtanthangphu.com\/en\/wp-json\/wp\/v2\/product_tag?post=3499"}],"curies":[{"name":"wp","href":"https:\/\/api.w.org\/{rel}","templated":true}]}}